{"id":12722,"date":"2025-04-20T14:39:21","date_gmt":"2025-04-20T12:39:21","guid":{"rendered":"https:\/\/hi-render.ch\/?post_type=product&#038;p=12722"},"modified":"2025-09-12T05:20:11","modified_gmt":"2025-09-12T03:20:11","slug":"ebook-cuisine-fichiers-cad","status":"publish","type":"product","link":"https:\/\/hi-render.ch\/en\/product\/ebook-cuisine-fichiers-cad\/","title":{"rendered":"Kitchen eBook + CAD files"},"content":{"rendered":"<h5>A complete guide to kitchens:<\/h5>\n<p>A subject that, for us as professionals, was quite complex to master when we first started out.<\/p>\n<p>Nous avons donc d\u00e9cid\u00e9 de vous fournir toutes les informations n\u00e9cessaires pour bien concevoir, dessiner, construire et \u00e9clairer une cuisine, ainsi que pour choisir les mat\u00e9riaux les plus appropri\u00e9s.<\/p>\n<p>In this guide you will find :<\/p>\n<ul>\n<li><strong>Standard kitchen dimensions you need to know<\/strong> (eBook PDF, Archicad 26 and DWG drawings).<\/li>\n<li><strong>2D kitchen plans and their standards<\/strong> so that you can easily integrate them into your project drawings without having to draw everything from scratch (2D drawing type kitchens) (Archicad 26 and DWG drawings)<\/li>\n<li><strong>Explore 10 inspiring kitchens featuring the latest trends<\/strong>: Each kitchen comes with its own plans, sections and technical details, highlighting their innovative construction details, with a focus on the plans: plans, elevations, technical details, perspectives, materials and kitchen equipment (PDF, Archicad 26 and DWG files). Each kitchen comes with plans, sections and technical details.<\/li>\n<li><strong>5 kitchens developed in 3D using SketchUp<\/strong> (SketchUp file included).<\/li>\n<li><strong>More than 150 references of household appliances and trendy materials<\/strong> Discover our favourites, from worktops to sinks, hoods, fridges, ovens, furniture handles, tiles and innovations.<\/li>\n<li><strong>Kitchen materials<\/strong> A complete analysis of the materials you can use in a kitchen, with their characteristics, advantages and disadvantages.<\/li>\n<li><strong>How do you manage kitchen lighting?<\/strong> We look at all the possible and necessary sources of light to create a warm, functional atmosphere in your space.<\/li>\n<li><strong>3 kitchen detail plans ready for construction<\/strong> All the annotations you need on the plans to understand the different trades. Example of a joiner's\/cook's plan and understand the difference between these two kitchen suppliers in PDF, Archicad 26 and DWG format.<\/li>\n<li><strong>20 handle details<\/strong> to be used on your projects (Description in the PDF Ebook, 2D drawings in DWG and Archicad)<\/li>\n<li><strong>10 practical details for your kitchen projects<\/strong> (Description in Ebook PDF, 2D drawings in DWG and Archicad)<\/li>\n<li><strong>More than 80 technical drawings from various suppliers of domestic appliances, taps and kitchen sinks <\/strong>(Archicad 26 and DWG).<\/li>\n<li><strong>Our favourite kitchen suppliers under the microscope:<\/strong> advantages, special features, preferred models, price range, showroom in Europe<\/li>\n<li><strong>Different kitchen layouts<\/strong> to inspire you and apply them to your projects (Archicad 26 and DWG, Book PDF).<\/li>\n<\/ul>\n<h5 style=\"padding-left: 40px;\"><em style=\"font-size: 16px;\">The ebook is delivered in PDF version only - System of measurement: metric (metres, centimetres, millimetres) and imperial (Inch - Feet).<br \/>\n<\/em><\/h5>\n<script>function getWR360PopupSkin(){return 'light_clean';}<\/script>","protected":false},"excerpt":{"rendered":"<article class=\"text-token-text-primary w-full focus:outline-none scroll-mt-[calc(var(--header-height)+min(200px,max(70px,20svh)))]\" dir=\"auto\" tabindex=\"-1\" data-turn-id=\"cbfd6d04-a2cf-4ef7-8ede-a6b06c7a38a3\" data-testid=\"conversation-turn-34\" data-scroll-anchor=\"true\" data-turn=\"assistant\">\n<div class=\"text-base my-auto mx-auto pb-10 [--thread-content-margin:--spacing(4)] thread-sm:[--thread-content-margin:--spacing(6)] thread-lg:[--thread-content-margin:--spacing(16)] px-(--thread-content-margin)\">\n<div class=\"[--thread-content-max-width:40rem] thread-sm:[--thread-content-max-width:40rem] thread-lg:[--thread-content-max-width:48rem] mx-auto max-w-(--thread-content-max-width) flex-1 group\/turn-messages focus-visible:outline-hidden relative flex w-full min-w-0 flex-col agent-turn\" tabindex=\"-1\">\n<div class=\"flex max-w-full flex-col grow\">\n<div class=\"min-h-8 text-message relative flex w-full flex-col items-end gap-2 text-start break-words whitespace-normal [.text-message+&amp;]:mt-5\" dir=\"auto\" data-message-author-role=\"assistant\" data-message-id=\"be225064-b8bf-42ed-8d9a-0d126019c9cb\" data-message-model-slug=\"gpt-5\">\n<div class=\"flex w-full flex-col gap-1 empty:hidden first:pt-[3px]\">\n<div class=\"markdown prose dark:prose-invert w-full break-words light markdown-new-styling\">\n<p data-start=\"52\" data-end=\"121\" data-is-last-node=\"\" data-is-only-node=\"\"><strong data-start=\"52\" data-end=\"121\" data-is-last-node=\"\">Everything you need to know to design, draw, and build a bathroom<\/strong><\/p>\n<\/div>\n<\/div>\n<\/div>\n<\/div>\n<div class=\"flex min-h-[46px] justify-start\"><\/div>\n<div class=\"mt-3 w-full empty:hidden\">\n<div class=\"text-center\"><\/div>\n<\/div>\n<\/div>\n<\/div>\n<\/article>\n<h3>What you will get:<\/h3>\n<p>&nbsp;<\/p>\n<p>&nbsp;<\/p>\n<p>&nbsp;<\/p>\n<h2>1. Revit Template File (Revit 2019 or later) Metric &amp; Imperial**<\/h2>\n<ul>\n<li>This also includes a thorough general notes sheet with project info, symbols legend, abbreviations, drawing lists, and all in 4 different scales and more.<\/li>\n<li>Dimensions styles in 5 different scales in horizontal style and vertical.<\/li>\n<li>Cut and elevation markers in 4 different scale styles Automatic Zone markers tags with the area and finishes types in 4 different scale sizes.<\/li>\n<li>Level, section, elevation markers, and north points for all scale sizes Dynamic scale bars for the layout sheets.<\/li>\n<li>Dynamic norths for the layout sheets.<\/li>\n<li>Text annotation styles for all scale sizes. (Metric or Imperial)<\/li>\n<li>Sample project: small sample floor plan, lines layout.<\/li>\n<li>Electrical Project template: Small sample floor plan, model components, styling, line types and notes, 30 electrical + lighting components: outlets, recessed, surface lights, fans, smoke detectors, electrical panels + more.<\/li>\n<li>Electrical symbols legend, general notes, and ready-to-use Lighting Fixture schedule. Electrical plan and RCP view template.<\/li>\n<\/ul>\n<h2>2.\u00a0Color table for all scales (.ctb):<\/h2>\n<ul>\n<li>With preset pen settings, widths, and colors according to the layers ready for installation and printing. Keep all your plans clean and straightforward and always with the same minimalist style.<\/li>\n<\/ul>\n<h2>3. Layout Sheets ready to modify and print:<\/h2>\n<ul>\n<li>Predesigned, minimalist title block families include three of each of the most common metric sizes. Plus, matching cover sheets in four sizes. Simply add your logo + branding and these simple, clean layouts are ready for plotting.<\/li>\n<\/ul>\n<h2>4. Imperial titles blocks (landscape format):<\/h2>\n<ul>\n<li>Arch D (36&Prime; x 24&Prime;) Arch D Cover Sheet Arch C (24&Prime; x 18&Prime;) Tabloid (17&Prime; x 11&Prime;)<\/li>\n<\/ul>\n<h2>5. Metric title blocks (landscape format):<\/h2>\n<ul>\n<li>A1 (841mm x 594 mm) A1 Cover Sheet A2 (594mm x 420mm) A3 (420mm x 297mm)<\/li>\n<\/ul>\n<h2>6. Ebook Guide (PDF):<\/h2>\n<p>Installation &amp; styling instructions A complete guide that explains how to use your new complete Revit template step by step, with tips and tricks to help stop wasting time!<\/p>\n","protected":false},"featured_media":12745,"comment_status":"open","ping_status":"closed","template":"","meta":{"_acf_changed":false},"product_brand":[],"product_cat":[40],"product_tag":[],"class_list":{"0":"post-12722","1":"product","2":"type-product","3":"status-publish","4":"has-post-thumbnail","6":"product_cat-book","8":"first","9":"instock","10":"sale","11":"downloadable","12":"virtual","13":"sold-individually","14":"purchasable","15":"product-type-simple"},"acf":[],"jetpack_sharing_enabled":true,"_links":{"self":[{"href":"https:\/\/hi-render.ch\/en\/wp-json\/wp\/v2\/product\/12722","targetHints":{"allow":["GET"]}}],"collection":[{"href":"https:\/\/hi-render.ch\/en\/wp-json\/wp\/v2\/product"}],"about":[{"href":"https:\/\/hi-render.ch\/en\/wp-json\/wp\/v2\/types\/product"}],"replies":[{"embeddable":true,"href":"https:\/\/hi-render.ch\/en\/wp-json\/wp\/v2\/comments?post=12722"}],"wp:featuredmedia":[{"embeddable":true,"href":"https:\/\/hi-render.ch\/en\/wp-json\/wp\/v2\/media\/12745"}],"wp:attachment":[{"href":"https:\/\/hi-render.ch\/en\/wp-json\/wp\/v2\/media?parent=12722"}],"wp:term":[{"taxonomy":"product_brand","embeddable":true,"href":"https:\/\/hi-render.ch\/en\/wp-json\/wp\/v2\/product_brand?post=12722"},{"taxonomy":"product_cat","embeddable":true,"href":"https:\/\/hi-render.ch\/en\/wp-json\/wp\/v2\/product_cat?post=12722"},{"taxonomy":"product_tag","embeddable":true,"href":"https:\/\/hi-render.ch\/en\/wp-json\/wp\/v2\/product_tag?post=12722"}],"curies":[{"name":"wp","href":"https:\/\/api.w.org\/{rel}","templated":true}]}}