{"id":12316,"date":"2024-10-23T15:10:07","date_gmt":"2024-10-23T13:10:07","guid":{"rendered":"https:\/\/hi-render.ch\/?post_type=product&#038;p=12316"},"modified":"2025-02-01T10:15:31","modified_gmt":"2025-02-01T09:15:31","slug":"beige_template-contrat-et-offre-dhonoraires","status":"publish","type":"product","link":"https:\/\/hi-render.ch\/en\/product\/beige_template-contrat-et-offre-dhonoraires\/","title":{"rendered":"BEIGE_Template contract and fee offer"},"content":{"rendered":"<h5 style=\"padding-left: 40px;\">A complete template for your offers and contracts, you will find :<\/h5>\n<ul>\n<li><span class=\"OYPEnA font-feature-liga-off font-feature-clig-off font-feature-calt-off text-decoration-none text-strikethrough-none\">Title<\/span><\/li>\n<li><span class=\"OYPEnA font-feature-liga-off font-feature-clig-off font-feature-calt-off text-decoration-none text-strikethrough-none\">Introduction page<\/span><\/li>\n<li><span class=\"OYPEnA font-feature-liga-off font-feature-clig-off font-feature-calt-off text-decoration-none text-strikethrough-none\">9 phases of the project with detailed explanations of the phases - hours required per phase: Discover our complete template dedicated to interior designers, which details the 9 essential phases of the project creation process. This template provides clear and precise descriptions for each stage, from the preliminary design to the final installation, including the overall design vision, the development of the concept and the selection of materials. Each phase is accompanied by an estimate of the hours required, enabling professionals to better plan their time and optimise their resources. This tailor-made content makes it easy to present and manage your projects, ensuring a smooth, professional experience for your customers.<\/span><\/li>\n<li><span class=\"OYPEnA font-feature-liga-off font-feature-clig-off font-feature-calt-off text-decoration-none text-strikethrough-none\">Phase summaries<\/span><\/li>\n<li><span class=\"OYPEnA font-feature-liga-off font-feature-clig-off font-feature-calt-off text-decoration-none text-strikethrough-none\">Hourly rate for phases<\/span><\/li>\n<li>Our process (in phases)<\/li>\n<li><span class=\"OYPEnA font-feature-liga-off font-feature-clig-off font-feature-calt-off text-decoration-none text-strikethrough-none\">Signature<\/span><\/li>\n<li><span class=\"OYPEnA font-feature-liga-off font-feature-clig-off font-feature-calt-off text-decoration-none text-strikethrough-none\">General conditions and law<\/span><\/li>\n<\/ul>\n<script>function getWR360PopupSkin(){return 'light_clean';}<\/script>","protected":false},"excerpt":{"rendered":"<p>Un template complet pour vos offres et contrats, vous trouverez : Titre Page introduction 9 phases du projet avec explications d\u00e9taill\u00e9es des phases &#8211; heures n\u00e9cessaires par phases: D\u00e9couvrez notre mod\u00e8le complet d\u00e9di\u00e9 aux architectes d&rsquo;int\u00e9rieur, qui d\u00e9taille les 9 phases essentielles du processus de cr\u00e9ation de projet. Ce mod\u00e8le fournit des descriptions claires et [&hellip;]<\/p>\n","protected":false},"featured_media":12327,"comment_status":"open","ping_status":"closed","template":"","meta":{"_acf_changed":false},"product_brand":[],"product_cat":[44],"product_tag":[],"class_list":{"0":"post-12316","1":"product","2":"type-product","3":"status-publish","4":"has-post-thumbnail","6":"product_cat-template","8":"first","9":"instock","10":"sale","11":"downloadable","12":"virtual","13":"purchasable","14":"product-type-simple"},"acf":[],"jetpack_sharing_enabled":true,"_links":{"self":[{"href":"https:\/\/hi-render.ch\/en\/wp-json\/wp\/v2\/product\/12316","targetHints":{"allow":["GET"]}}],"collection":[{"href":"https:\/\/hi-render.ch\/en\/wp-json\/wp\/v2\/product"}],"about":[{"href":"https:\/\/hi-render.ch\/en\/wp-json\/wp\/v2\/types\/product"}],"replies":[{"embeddable":true,"href":"https:\/\/hi-render.ch\/en\/wp-json\/wp\/v2\/comments?post=12316"}],"wp:featuredmedia":[{"embeddable":true,"href":"https:\/\/hi-render.ch\/en\/wp-json\/wp\/v2\/media\/12327"}],"wp:attachment":[{"href":"https:\/\/hi-render.ch\/en\/wp-json\/wp\/v2\/media?parent=12316"}],"wp:term":[{"taxonomy":"product_brand","embeddable":true,"href":"https:\/\/hi-render.ch\/en\/wp-json\/wp\/v2\/product_brand?post=12316"},{"taxonomy":"product_cat","embeddable":true,"href":"https:\/\/hi-render.ch\/en\/wp-json\/wp\/v2\/product_cat?post=12316"},{"taxonomy":"product_tag","embeddable":true,"href":"https:\/\/hi-render.ch\/en\/wp-json\/wp\/v2\/product_tag?post=12316"}],"curies":[{"name":"wp","href":"https:\/\/api.w.org\/{rel}","templated":true}]}}