{"id":12086,"date":"2024-09-30T13:12:08","date_gmt":"2024-09-30T11:12:08","guid":{"rendered":"https:\/\/hi-render.ch\/?post_type=product&#038;p=12086"},"modified":"2025-02-04T08:56:12","modified_gmt":"2025-02-04T07:56:12","slug":"cahier-n1-tout-savoir-sur-leclairage-des-salles-de-bain","status":"publish","type":"product","link":"https:\/\/hi-render.ch\/en\/product\/cahier-n1-tout-savoir-sur-leclairage-des-salles-de-bain\/","title":{"rendered":"Cahier n\u00b01 All you need to know about bathroom lighting"},"content":{"rendered":"<p><strong>Bathroom lighting<\/strong> is crucial, not only for aesthetic reasons but also for safety and comfort. This section of the <strong>book guides you through the installation standards<\/strong>the various <strong>ideal light intensities and colours<\/strong> by zone, and presents an inspiring selection of light fittings to suit every area of your bathroom.<\/p>\n<h4><strong>1. Standards and Regulations for the Installation of Bathroom Lighting :<\/strong><\/h4>\n<p>Discover the essential guidelines for a safe installation that complies with current regulations. This section covers electrical safety zones, the levels of protection (IP) required for each zone, and recommended installation heights.<\/p>\n<h4><strong>2. Light Intensity and Colour by Zone :<\/strong><\/h4>\n<p>Learn how to choose the intensity and colour temperature of light for different areas of your bathroom. Whether it's the general lighting, the mirror or the shower, each area requires special attention to create an appropriate and functional atmosphere.<\/p>\n<h4><strong>3. Types of lighting and luminaire selection :<\/strong><\/h4>\n<p>Explore the different types of lighting, such as ambient, focused or decorative, and discover our favourite bathroom luminaires. Each luminaire is presented with its technical specifications.<\/p>\n<h4><strong>4. Typical Details of Bathroom Lighting Construction to Inspire Your Projects :<\/strong><\/h4>\n<p>This section features 12 examples of innovative lighting and their construction details to stimulate your creativity and reuse them in your projects. Includes drawings in Archicad and DWG formats.<\/p>\n<h4><strong>5. Original Bathroom Lighting References :<\/strong><\/h4>\n<p>Finish with an exploration of unique, avant-garde designs that transcend traditional bathroom lighting trends. These references are designed to inspire and add a touch of originality to your designs.<\/p>\n<script>function getWR360PopupSkin(){return 'light_clean';}<\/script>","protected":false},"excerpt":{"rendered":"<p>L&rsquo;\u00e9clairage de la salle de bain est crucial, non seulement pour des raisons esth\u00e9tiques mais aussi pour la s\u00e9curit\u00e9 et le confort. Cette section du book vous guide \u00e0 travers les normes d&rsquo;installation, les diff\u00e9rentes intensit\u00e9s et couleurs de lumi\u00e8re id\u00e9ales par zone, et vous pr\u00e9sente une s\u00e9lection inspirante de luminaires adapt\u00e9s \u00e0 chaque espace [&hellip;]<\/p>\n","protected":false},"featured_media":12088,"comment_status":"open","ping_status":"closed","template":"","meta":{"_acf_changed":false},"product_brand":[],"product_cat":[40],"product_tag":[],"class_list":{"0":"post-12086","1":"product","2":"type-product","3":"status-publish","4":"has-post-thumbnail","6":"product_cat-book","8":"first","9":"instock","10":"sale","11":"downloadable","12":"virtual","13":"purchasable","14":"product-type-simple"},"acf":[],"jetpack_sharing_enabled":true,"_links":{"self":[{"href":"https:\/\/hi-render.ch\/en\/wp-json\/wp\/v2\/product\/12086","targetHints":{"allow":["GET"]}}],"collection":[{"href":"https:\/\/hi-render.ch\/en\/wp-json\/wp\/v2\/product"}],"about":[{"href":"https:\/\/hi-render.ch\/en\/wp-json\/wp\/v2\/types\/product"}],"replies":[{"embeddable":true,"href":"https:\/\/hi-render.ch\/en\/wp-json\/wp\/v2\/comments?post=12086"}],"wp:featuredmedia":[{"embeddable":true,"href":"https:\/\/hi-render.ch\/en\/wp-json\/wp\/v2\/media\/12088"}],"wp:attachment":[{"href":"https:\/\/hi-render.ch\/en\/wp-json\/wp\/v2\/media?parent=12086"}],"wp:term":[{"taxonomy":"product_brand","embeddable":true,"href":"https:\/\/hi-render.ch\/en\/wp-json\/wp\/v2\/product_brand?post=12086"},{"taxonomy":"product_cat","embeddable":true,"href":"https:\/\/hi-render.ch\/en\/wp-json\/wp\/v2\/product_cat?post=12086"},{"taxonomy":"product_tag","embeddable":true,"href":"https:\/\/hi-render.ch\/en\/wp-json\/wp\/v2\/product_tag?post=12086"}],"curies":[{"name":"wp","href":"https:\/\/api.w.org\/{rel}","templated":true}]}}