{"id":10378,"date":"2024-08-18T12:28:18","date_gmt":"2024-08-18T10:28:18","guid":{"rendered":"https:\/\/hi-render.ch\/?post_type=product&#038;p=10378"},"modified":"2025-02-01T10:23:56","modified_gmt":"2025-02-01T09:23:56","slug":"template-mise-en-page","status":"publish","type":"product","link":"https:\/\/hi-render.ch\/en\/product\/template-mise-en-page\/","title":{"rendered":"Page layout template"},"content":{"rendered":"<h5 style=\"padding-left: 40px;\">A complete template for your projects, with :<\/h5>\n<ul>\n<li>Title<\/li>\n<li>Layout for your plans with the necessary legends for materials, annotations on sections, plan and 3D, electrical legends, etc.<\/li>\n<li>Layout for 3D images or sketches<\/li>\n<li>Layout for materials, sanitary fittings, handles, etc.<\/li>\n<li>Layout for electrical appliances, furniture, etc.<\/li>\n<li>Layout for moodboards<\/li>\n<li>Layout of text presenting your concept, your philosophy and your office presentation<\/li>\n<\/ul>\n<p>Formats: PDF, DWG, Archicad et Canva<\/p>\n<p>Tout les documents sont en fran\u00e7ais et anglais<\/p>\n<script>function getWR360PopupSkin(){return 'light_clean';}<\/script>","protected":false},"excerpt":{"rendered":"<p>Un template complet pour vos projets, vous trouverez : Titre Mise en page pour vos plans avec les l\u00e9gendes n\u00e9cessaires pour les mat\u00e9riaux, annotations sur les coupes, plan et 3D, l\u00e9gendes \u00e9lectriques Mise en page pour les images 3D ou croquis Mise en page pour les mat\u00e9riaux, \u00e9quipement sanitaire, poign\u00e9es,&#8230; Mise en page pour les [&hellip;]<\/p>\n","protected":false},"featured_media":10413,"comment_status":"open","ping_status":"closed","template":"","meta":{"_acf_changed":false},"product_brand":[],"product_cat":[44],"product_tag":[],"class_list":{"0":"post-10378","1":"product","2":"type-product","3":"status-publish","4":"has-post-thumbnail","6":"product_cat-template","8":"first","9":"instock","10":"downloadable","11":"virtual","12":"purchasable","13":"product-type-simple"},"acf":[],"jetpack_sharing_enabled":true,"_links":{"self":[{"href":"https:\/\/hi-render.ch\/en\/wp-json\/wp\/v2\/product\/10378","targetHints":{"allow":["GET"]}}],"collection":[{"href":"https:\/\/hi-render.ch\/en\/wp-json\/wp\/v2\/product"}],"about":[{"href":"https:\/\/hi-render.ch\/en\/wp-json\/wp\/v2\/types\/product"}],"replies":[{"embeddable":true,"href":"https:\/\/hi-render.ch\/en\/wp-json\/wp\/v2\/comments?post=10378"}],"wp:featuredmedia":[{"embeddable":true,"href":"https:\/\/hi-render.ch\/en\/wp-json\/wp\/v2\/media\/10413"}],"wp:attachment":[{"href":"https:\/\/hi-render.ch\/en\/wp-json\/wp\/v2\/media?parent=10378"}],"wp:term":[{"taxonomy":"product_brand","embeddable":true,"href":"https:\/\/hi-render.ch\/en\/wp-json\/wp\/v2\/product_brand?post=10378"},{"taxonomy":"product_cat","embeddable":true,"href":"https:\/\/hi-render.ch\/en\/wp-json\/wp\/v2\/product_cat?post=10378"},{"taxonomy":"product_tag","embeddable":true,"href":"https:\/\/hi-render.ch\/en\/wp-json\/wp\/v2\/product_tag?post=10378"}],"curies":[{"name":"wp","href":"https:\/\/api.w.org\/{rel}","templated":true}]}}