{"id":7544,"date":"2025-03-17T18:40:49","date_gmt":"2025-03-17T17:40:49","guid":{"rendered":"https:\/\/hi-render.ch\/?post_type=product&#038;p=7544"},"modified":"2025-08-09T10:22:18","modified_gmt":"2025-08-09T08:22:18","slug":"salle-de-bain","status":"publish","type":"product","link":"https:\/\/hi-render.ch\/de\/produkt\/salle-de-bain\/","title":{"rendered":"eBook Badezimmer + CAD-Dateien + Vorlage"},"content":{"rendered":"<h5 style=\"padding-left: 40px;\">Ein umfassender Leitfaden zum Thema Badezimmer :<\/h5>\n<p style=\"padding-left: 40px;\">Ein Thema, das f\u00fcr uns als Berufst\u00e4tige in unserer Anfangszeit ziemlich kompliziert zu meistern war.<\/p>\n<p style=\"padding-left: 40px;\">Deshalb haben wir beschlossen, dir alle Informationen zu geben, die du brauchst, um ein Badezimmer richtig zu planen, zu entwerfen, zu bauen und zu beleuchten sowie die richtigen Materialien auszuw\u00e4hlen.<\/p>\n<p style=\"padding-left: 40px;\">In diesem Handbuch findest du :<\/p>\n<ul>\n<li><strong>Die Standardma\u00dfe<\/strong> (eBook PDF, Archicad 26 und DWG Zeichnungen)<\/li>\n<li>Erkunde <strong>15 Badezimmer mit den neuesten Trends<\/strong>Die Badezimmer sind mit innovativen Konstruktionsdetails ausgestattet, wobei der Schwerpunkt auf den Pl\u00e4nen liegt: Grundrisse, Ansichten, technische Details, Perspektiven, Materialien, Sanit\u00e4rausstattung (PDF, Archicad 26 und DWG). Jedes Badezimmer wird mit Grundrissen, Schnitten und technischen Details als PDF-, Archicad- und DWG-Datei geliefert.<\/li>\n<li>10 Badezimmer wurden entwickelt in <strong>3D auf Sketchup<\/strong> (inkl. Sketchup-Datei)<\/li>\n<li><strong>\u00dcber 150 Referenzen von Sanit\u00e4rartikeln und Trendmaterialien:<\/strong> Wir liefern dir alle unsere Favoriten: Wasserh\u00e4hne, Waschbecken, Duschtops, Badewannen, Duscharmaturen, Fliesen, ...<\/li>\n<li><strong>Materialien, aus denen ein Badezimmer besteht<\/strong>Die Materialien, die du in einem Badezimmer verwenden kannst, werden mit ihren Eigenschaften, Vor- und Nachteilen beschrieben.<\/li>\n<li><strong>Wie man die Beleuchtung verwaltet<\/strong> in den Badezimmern? Wir nehmen alle m\u00f6glichen und notwendigen Lichtquellen auseinander, damit du das richtige Licht hast, um dich im Badezimmer vorzubereiten, dich im Spa-Modus zu entspannen oder zu putzen.<\/li>\n<li><strong>5 baureife Detailpl\u00e4ne eines Badezimmers im 20.<\/strong>Plan und Ausschnitte in den Formaten PDF, Archicad 26 und DWG.<\/li>\n<li>Mehr<strong> 100 technische Zeichnungen<\/strong> von verschiedenen Lieferanten von Sanit\u00e4rartikeln (Archicad 26 und DWG)<\/li>\n<li>Mehr <strong>50 verschiedene Badezimmer-Layouts<\/strong> um dich inspirieren zu lassen und sie auf deine Projekte anzuwenden (Archicad 26 und DWG, BookPDF)<\/li>\n<\/ul>\n<p><em>Alle Dokumente sind auf Englisch und Franz\u00f6sisch im metrischen System.<\/em><\/p>\n<p><em><strong>Das ebook wird nur als PDF-Version geliefert kein Ausdruck - Ma\u00dfsystem: metrisch (Meter, Zentimeter, Millimeter) UND imperial (Feet)<\/strong><br \/>\n<\/em><\/p>\n<script>function getWR360PopupSkin(){return 'light_clean';}<\/script>","protected":false},"excerpt":{"rendered":"<p>Alles, was du wissen musst, um ein Badezimmer zu planen, zu entwerfen und zu bauen<\/p>\n<h3>Was du bekommen wirst:<\/h3>\n<p>&nbsp;<\/p>\n<p>&nbsp;<\/p>\n<p>&nbsp;<\/p>\n<h2>1. Revit Template File (Revit 2019 oder sp\u00e4ter) Metric &amp; Imperial**.<\/h2>\n<ul>\n<li>Dazu geh\u00f6rt auch ein ausf\u00fchrliches allgemeines Notizblatt mit Projektinfos, Symbolen, Abk\u00fcrzungen, Zeichnungslisten, und das alles in 4 verschiedenen Ma\u00dfst\u00e4ben und mehr.<\/li>\n<li>Dimensionsstile in 5 verschiedenen Skalen in horizontalem und vertikalem Stil.<\/li>\n<li>Cut and elevation markers in 4 different scale styles Automatic Zone markers tags with the area and finishes types in 4 different scale sizes.<\/li>\n<li>Level, Abschnitt, H\u00f6henmarkierungen und Nordpunkte f\u00fcr alle Skalierungsgr\u00f6\u00dfen Dynamische Skalierungsbalken f\u00fcr die Layoutbl\u00e4tter.<\/li>\n<li>Dynamic norths f\u00fcr die Layout-Sheets.<\/li>\n<li>Textanmerkungsstile f\u00fcr alle Skalengr\u00f6\u00dfen (Metrisch oder Imperial).<\/li>\n<li>Beispielprojekt: kleine Musterfl\u00e4che, Linienlayout.<\/li>\n<li>Electrical Project template: Small sample floor plan, model components, styling, line types and notes, 30 electrical + lighting components: outlets, recessed, surface lights, fans, smoke detectors, electrical panels + more.<\/li>\n<li>Elektrische Symbole, allgemeine Hinweise und ein gebrauchsfertiger Beleuchtungsplan. Elektroplan und RCP View Template.<\/li>\n<\/ul>\n<h2>2. Farbtabelle f\u00fcr alle Skalen (.ctb):<\/h2>\n<ul>\n<li>Mit voreingestellten Stifteinstellungen, Breiten und Farben entsprechend den Layern, bereit f\u00fcr die Installation und den Druck. Halte alle deine Pl\u00e4ne sauber und geradlinig und immer im gleichen minimalistischen Stil.<\/li>\n<\/ul>\n<h2>3. Layout Sheets bereit zum Bearbeiten und Drucken:<\/h2>\n<ul>\n<li>Vorgezeichnete, minimalistische Titelblockfamilien enthalten drei von jeder der g\u00e4ngigsten Metrikgr\u00f6\u00dfen. Dazu kommen passende Deckbl\u00e4tter in vier Gr\u00f6\u00dfen. F\u00fcge einfach dein Logo + Branding hinzu und diese einfachen, sauberen Layouts sind bereit zum Plotten.<\/li>\n<\/ul>\n<h2>4. Imperial titles blocks (landscape format):<\/h2>\n<ul>\n<li>Arch D (36\u2033 x 24\u2033) Arch D Cover Sheet Arch C (24\u2033 x 18\u2033) Tabloid (17\u2033 x 11\u2033)<\/li>\n<\/ul>\n<h2>5. Metric title blocks (landscape format):<\/h2>\n<ul>\n<li>A1 (841mm x 594 mm) A1 Deckblatt A2 (594mm x 420mm) A3 (420mm x 297mm)<\/li>\n<\/ul>\n<h2>6. Ebook Guide (PDF):<\/h2>\n<p>Installations- und Stylinganweisungen Eine komplette Anleitung, die dir Schritt f\u00fcr Schritt erkl\u00e4rt, wie du deine neue Revit-Vorlage verwenden kannst, mit Tipps und Tricks, die dir helfen, keine Zeit zu verschwenden!<\/p>","protected":false},"featured_media":9145,"comment_status":"open","ping_status":"closed","template":"","meta":{"_acf_changed":false},"product_brand":[],"product_cat":[40],"product_tag":[],"class_list":{"0":"post-7544","1":"product","2":"type-product","3":"status-publish","4":"has-post-thumbnail","6":"product_cat-book","8":"first","9":"instock","10":"sale","11":"downloadable","12":"virtual","13":"sold-individually","14":"purchasable","15":"product-type-simple"},"acf":[],"jetpack_sharing_enabled":true,"_links":{"self":[{"href":"https:\/\/hi-render.ch\/de\/wp-json\/wp\/v2\/product\/7544","targetHints":{"allow":["GET"]}}],"collection":[{"href":"https:\/\/hi-render.ch\/de\/wp-json\/wp\/v2\/product"}],"about":[{"href":"https:\/\/hi-render.ch\/de\/wp-json\/wp\/v2\/types\/product"}],"replies":[{"embeddable":true,"href":"https:\/\/hi-render.ch\/de\/wp-json\/wp\/v2\/comments?post=7544"}],"wp:featuredmedia":[{"embeddable":true,"href":"https:\/\/hi-render.ch\/de\/wp-json\/wp\/v2\/media\/9145"}],"wp:attachment":[{"href":"https:\/\/hi-render.ch\/de\/wp-json\/wp\/v2\/media?parent=7544"}],"wp:term":[{"taxonomy":"product_brand","embeddable":true,"href":"https:\/\/hi-render.ch\/de\/wp-json\/wp\/v2\/product_brand?post=7544"},{"taxonomy":"product_cat","embeddable":true,"href":"https:\/\/hi-render.ch\/de\/wp-json\/wp\/v2\/product_cat?post=7544"},{"taxonomy":"product_tag","embeddable":true,"href":"https:\/\/hi-render.ch\/de\/wp-json\/wp\/v2\/product_tag?post=7544"}],"curies":[{"name":"wp","href":"https:\/\/api.w.org\/{rel}","templated":true}]}}