{"id":14054,"date":"2025-04-21T13:26:31","date_gmt":"2025-04-21T11:26:31","guid":{"rendered":"https:\/\/hi-render.ch\/?post_type=product&#038;p=14054"},"modified":"2025-06-05T12:50:10","modified_gmt":"2025-06-05T10:50:10","slug":"ebook-menuiserie-fichiers-cad","status":"publish","type":"product","link":"https:\/\/hi-render.ch\/de\/produkt\/ebook-menuiserie-fichiers-cad\/","title":{"rendered":"eBook Tischlerei + CAD-Dateien"},"content":{"rendered":"<h5>Ein umfassender Leitfaden zum Thema Tischlerei :<\/h5>\n<p class=\"\" data-start=\"226\" data-end=\"341\">Ein umfassender Leitfaden f\u00fcr das Entwerfen, Zeichnen und Detaillieren deiner ma\u00dfgefertigten Tischlerarbeiten mit Klarheit, Pr\u00e4zision... und Stil.<\/p>\n<p class=\"translation-block\" data-start=\"343\" data-end=\"631\">Dieser f\u00fcr Innenarchitekten und Design-Profis konzipierte Leitfaden enth\u00e4lt <strong data-start=\"433\" data-end=\"485\">alles, was wir gerne in unseren Anf\u00e4ngen gehabt h\u00e4tten<\/strong>: zuverl\u00e4ssige Rippen, gebrauchsfertige Details und konkrete Referenzen, um deine Kreativit\u00e4t zu f\u00f6rdern und gleichzeitig deine Projekte abzusichern.<\/p>\n<h3 class=\"\" data-start=\"638\" data-end=\"681\">Was du in diesem ebook findest :<\/h3>\n<ul>\n<li data-start=\"683\" data-end=\"1918\" class=\"translation-block\"><strong data-start=\"686\" data-end=\"707\">Musterma\u00dfe<\/strong> und Standardma\u00dfe, die du kennen solltest, um passende Tischlerarbeiten zu entwerfen (Ma\u00dfe f\u00fcr Kleidung, Schuhe, Schr\u00e4nke, Kopfteile von Betten, Regale, Sitzb\u00e4nke, ... (PDF, DWG, Archicad).<\/li>\n<li data-start=\"683\" data-end=\"1918\" class=\"translation-block\"><strong data-start=\"811\" data-end=\"836\">Bildbl\u00e4tter<\/strong> mit <strong>technischen Details<\/strong> zu <strong>Bettkopfteilen, Sitzb\u00e4nken, begehbaren Kleiderschr\u00e4nken, Griffen, Wandvert\u00e4felungen, B\u00fccherregalen und Aufbewahrungseinrichtungen<\/strong>. (PDF, DWG, Archicad).<\/li>\n<li data-start=\"683\" data-end=\"1918\" class=\"translation-block\"><strong data-start=\"945\" data-end=\"982\">Skizzen und technische Details<\/strong> f\u00fcr jede Schrank- und Ankleidetypologie, zusammen mit Designtipps und Aufrisszeichnungen.<\/li>\n<li data-start=\"683\" data-end=\"1918\" class=\"translation-block\"><strong data-start=\"1072\" data-end=\"1104\">Ein Kapitel \u00fcber Griffe<\/strong>: Details von eingebauten, versenkten oder in Holz geschnitzten Griffen, mit DWG- und Archicad-Zeichnungen, erkl\u00e4rt im ebook als PDF.<\/li>\n<li data-start=\"683\" data-end=\"1918\" class=\"translation-block\"><strong data-start=\"1222\" data-end=\"1255\">Ein Leitfaden zu Holzarten<\/strong>: Materialien, Plattenkerne, ihre Verwendung, Oberfl\u00e4chenbehandlungen und Kombinationen verstehen.<\/li>\n<li data-start=\"683\" data-end=\"1918\" class=\"translation-block\"><strong data-start=\"1342\" data-end=\"1380\">Ideen f\u00fcr ma\u00dfgeschneiderte Sitzb\u00e4nke<\/strong> mit den richtigen H\u00f6hen, Tiefen und eingebauten Aufbewahrungsoptionen (PDF, DWG, Archicad)<\/li>\n<li data-start=\"683\" data-end=\"1918\" class=\"translation-block\"><strong data-start=\"1459\" data-end=\"1498\">Tricks zur Raumoptimierung<\/strong>: Ausziehbare S\u00e4ulen, intelligente Schubladen, Integration unter der Schr\u00e4ge...<\/li>\n<li data-start=\"683\" data-end=\"1918\" class=\"translation-block\"><strong data-start=\"1575\" data-end=\"1622\">Beispiele f\u00fcr High-End-Bibliotheken<\/strong>, einschlie\u00dflich \u201cFency\u201d-Details: Metallkanten, abgeschr\u00e4gte Rahmen, eingebaute Lichter (PDF, DWG, Archicad).<\/li>\n<li data-start=\"683\" data-end=\"1918\" class=\"translation-block\"><strong data-start=\"1720\" data-end=\"1750\">Inspirationsbretter<\/strong> und kommentierte Referenzen von realen Projekten.<\/li>\n<li data-start=\"683\" data-end=\"1918\" class=\"translation-block\"><strong data-start=\"1802\" data-end=\"1840\">Ein Fokus auf die Wandvert\u00e4felungen<\/strong>: Proportionen, Stile, Rhythmus der Paneele, <strong>Integration von unsichtbaren T\u00fcren<\/strong>.<\/li>\n<li data-start=\"683\" data-end=\"1918\" class=\"translation-block\"><strong>Unsere Lieblingsanbieter<\/strong><\/li>\n<\/ul>\n<h3 class=\"\" data-start=\"1925\" data-end=\"1960\">Format &amp; enthaltene Dateien :<\/h3>\n<ul data-start=\"1961\" data-end=\"2101\">\n<li class=\"\" data-start=\"1961\" data-end=\"2017\">\n<p class=\"translation-block\" data-start=\"1963\" data-end=\"2017\">Ebook in der Version <strong data-start=\"1980\" data-end=\"2015\">PDF only (not printable)<\/strong>.<\/p>\n<\/li>\n<li class=\"\" data-start=\"2018\" data-end=\"2101\">\n<p class=\"translation-block\" data-start=\"2020\" data-end=\"2101\"><strong data-start=\"2029\" data-end=\"2036\">DWG<\/strong> und <strong data-start=\"2040\" data-end=\"2055\">Archicad 26<\/strong>-Dateien f\u00fcr technische Details und 2D-Zeichnungen<\/p>\n<\/li>\n<\/ul>\n<p class=\"\" data-start=\"2108\" data-end=\"2241\"><strong data-start=\"2108\" data-end=\"2241\">Ein Werkzeug, mit dem du Zeit sparen, besser mit deinen Handwerkern kommunizieren und deine Projekte mit pr\u00e4zisen und koh\u00e4renten Details bereichern kannst.<\/strong><\/p>\n<p class=\"\" data-start=\"2243\" data-end=\"2370\">Dieser Leitfaden ist mehr als nur ein Hilfsmittel: Er ist ein Methodenbeschleuniger und eine Inspirationsquelle f\u00fcr deine n\u00e4chsten Tischlerarbeiten.<\/p>\n<h5 style=\"padding-left: 40px;\"><em style=\"font-size: 16px;\">Das ebook wird nur als PDF-Version geliefert kein Ausdruck - Ma\u00dfsystem: Metrisch (Meter, Zentimeter, Millimeter)<br \/>\n<\/em><\/h5>\n<script>function getWR360PopupSkin(){return 'light_clean';}<\/script>","protected":false},"excerpt":{"rendered":"<p>Alles, was du wissen musst, um ein Badezimmer zu planen, zu entwerfen und zu bauen<\/p>\n<h3>Was du bekommen wirst:<\/h3>\n<p>&nbsp;<\/p>\n<p>&nbsp;<\/p>\n<p>&nbsp;<\/p>\n<h2>1. Revit Template File (Revit 2019 oder sp\u00e4ter) Metric &amp; Imperial**.<\/h2>\n<ul>\n<li>Dazu geh\u00f6rt auch ein ausf\u00fchrliches allgemeines Notizblatt mit Projektinfos, Symbolen, Abk\u00fcrzungen, Zeichnungslisten, und das alles in 4 verschiedenen Ma\u00dfst\u00e4ben und mehr.<\/li>\n<li>Dimensionsstile in 5 verschiedenen Skalen in horizontalem und vertikalem Stil.<\/li>\n<li>Cut and elevation markers in 4 different scale styles Automatic Zone markers tags with the area and finishes types in 4 different scale sizes.<\/li>\n<li>Level, Abschnitt, H\u00f6henmarkierungen und Nordpunkte f\u00fcr alle Skalierungsgr\u00f6\u00dfen Dynamische Skalierungsbalken f\u00fcr die Layoutbl\u00e4tter.<\/li>\n<li>Dynamic norths f\u00fcr die Layout-Sheets.<\/li>\n<li>Textanmerkungsstile f\u00fcr alle Skalengr\u00f6\u00dfen (Metrisch oder Imperial).<\/li>\n<li>Beispielprojekt: kleine Musterfl\u00e4che, Linienlayout.<\/li>\n<li>Electrical Project template: Small sample floor plan, model components, styling, line types and notes, 30 electrical + lighting components: outlets, recessed, surface lights, fans, smoke detectors, electrical panels + more.<\/li>\n<li>Elektrische Symbole, allgemeine Hinweise und ein gebrauchsfertiger Beleuchtungsplan. Elektroplan und RCP View Template.<\/li>\n<\/ul>\n<h2>2. Farbtabelle f\u00fcr alle Skalen (.ctb):<\/h2>\n<ul>\n<li>Mit voreingestellten Stifteinstellungen, Breiten und Farben entsprechend den Layern, bereit f\u00fcr die Installation und den Druck. Halte alle deine Pl\u00e4ne sauber und geradlinig und immer im gleichen minimalistischen Stil.<\/li>\n<\/ul>\n<h2>3. Layout Sheets bereit zum Bearbeiten und Drucken:<\/h2>\n<ul>\n<li>Vorgezeichnete, minimalistische Titelblockfamilien enthalten drei von jeder der g\u00e4ngigsten Metrikgr\u00f6\u00dfen. Dazu kommen passende Deckbl\u00e4tter in vier Gr\u00f6\u00dfen. F\u00fcge einfach dein Logo + Branding hinzu und diese einfachen, sauberen Layouts sind bereit zum Plotten.<\/li>\n<\/ul>\n<h2>4. Imperial titles blocks (landscape format):<\/h2>\n<ul>\n<li>Arch D (36\u2033 x 24\u2033) Arch D Cover Sheet Arch C (24\u2033 x 18\u2033) Tabloid (17\u2033 x 11\u2033)<\/li>\n<\/ul>\n<h2>5. Metric title blocks (landscape format):<\/h2>\n<ul>\n<li>A1 (841mm x 594 mm) A1 Deckblatt A2 (594mm x 420mm) A3 (420mm x 297mm)<\/li>\n<\/ul>\n<h2>6. Ebook Guide (PDF):<\/h2>\n<p>Installations- und Stylinganweisungen Eine komplette Anleitung, die dir Schritt f\u00fcr Schritt erkl\u00e4rt, wie du deine neue Revit-Vorlage verwenden kannst, mit Tipps und Tricks, die dir helfen, keine Zeit zu verschwenden!<\/p>","protected":false},"featured_media":14079,"comment_status":"open","ping_status":"closed","template":"","meta":{"_acf_changed":false},"product_brand":[],"product_cat":[40],"product_tag":[],"class_list":{"0":"post-14054","1":"product","2":"type-product","3":"status-publish","4":"has-post-thumbnail","6":"product_cat-book","8":"first","9":"instock","10":"sale","11":"downloadable","12":"virtual","13":"sold-individually","14":"purchasable","15":"product-type-simple"},"acf":[],"jetpack_sharing_enabled":true,"_links":{"self":[{"href":"https:\/\/hi-render.ch\/de\/wp-json\/wp\/v2\/product\/14054","targetHints":{"allow":["GET"]}}],"collection":[{"href":"https:\/\/hi-render.ch\/de\/wp-json\/wp\/v2\/product"}],"about":[{"href":"https:\/\/hi-render.ch\/de\/wp-json\/wp\/v2\/types\/product"}],"replies":[{"embeddable":true,"href":"https:\/\/hi-render.ch\/de\/wp-json\/wp\/v2\/comments?post=14054"}],"wp:featuredmedia":[{"embeddable":true,"href":"https:\/\/hi-render.ch\/de\/wp-json\/wp\/v2\/media\/14079"}],"wp:attachment":[{"href":"https:\/\/hi-render.ch\/de\/wp-json\/wp\/v2\/media?parent=14054"}],"wp:term":[{"taxonomy":"product_brand","embeddable":true,"href":"https:\/\/hi-render.ch\/de\/wp-json\/wp\/v2\/product_brand?post=14054"},{"taxonomy":"product_cat","embeddable":true,"href":"https:\/\/hi-render.ch\/de\/wp-json\/wp\/v2\/product_cat?post=14054"},{"taxonomy":"product_tag","embeddable":true,"href":"https:\/\/hi-render.ch\/de\/wp-json\/wp\/v2\/product_tag?post=14054"}],"curies":[{"name":"wp","href":"https:\/\/api.w.org\/{rel}","templated":true}]}}