{"id":13146,"date":"2025-02-06T06:20:33","date_gmt":"2025-02-06T05:20:33","guid":{"rendered":"https:\/\/hi-render.ch\/?post_type=product&#038;p=13146"},"modified":"2025-02-06T08:30:41","modified_gmt":"2025-02-06T07:30:41","slug":"bali_template-presentation-de-projets","status":"publish","type":"product","link":"https:\/\/hi-render.ch\/de\/produkt\/bali_template-presentation-de-projets\/","title":{"rendered":"BALI_Template Projektpr\u00e4sentation"},"content":{"rendered":"<p><strong>Pr\u00e4sentiere deine Architekturprojekte mit Stil und Effizienz!<\/strong><\/p>\n<p>Lass dich von unserem Projekt inspirieren <strong>BALI<\/strong> um zu strukturieren <strong>eine aussagekr\u00e4ftige und professionelle Pr\u00e4sentation<\/strong>. Gestaltet mit <strong>warme Farben und ein schlichtes Design<\/strong>, Diese Vorlage erm\u00f6glicht es dir, deine architektonischen Konzepte auf eine Art und Weise zu pr\u00e4sentieren, die dir die M\u00f6glichkeit gibt, deine eigenen Ideen zu verwirklichen. <strong>klar, elegant und wirkungsvoll<\/strong>.<\/p>\n<p><strong>Ideal f\u00fcr<\/strong> : Wettbewerbe, Kundenpr\u00e4sentationen, Berufsportfolios.<br \/>\n<strong>Gebrauchsfertig<\/strong> : une structure soign\u00e9e, facile \u00e0 personnaliser.<\/p>\n<p>Faites la diff\u00e9rence avec une pr\u00e9sentation qui capte l\u2019attention d\u00e8s le premier regard !<\/p>\n<p>Un template complet pour pr\u00e9senter vos projets \u00e0 vos clients,\u00a0 vous trouverez :<\/p>\n<ul>\n<li><span class=\"OYPEnA font-feature-liga-off font-feature-clig-off font-feature-calt-off text-decoration-none text-strikethrough-none\">Titel<\/span><\/li>\n<li><span class=\"OYPEnA font-feature-liga-off font-feature-clig-off font-feature-calt-off text-decoration-none text-strikethrough-none\">Seite Einleitung<\/span><\/li>\n<li>Inspirationsseite<\/li>\n<li>Seite kreativer Prozess<\/li>\n<li>Seite \u00abGeist und Ort\u00bb (Erkl\u00e4rung zur Entwicklung des Projekts)<\/li>\n<li>Planseiten pro Stockwerk mit Erkl\u00e4rung des Konzepts<\/li>\n<li>Seiten Schnitte und Fassaden<\/li>\n<li>Materialseite<\/li>\n<li>Seiten Beleuchtungspl\u00e4ne<\/li>\n<li>Seite Farbpalette<\/li>\n<li>Moodboard-Seiten<\/li>\n<li>Seiten mit 3D-Bildern<\/li>\n<li>Shopping-Liste (M\u00f6bel, Leuchten usw.)<\/li>\n<li>Kontaktseite<\/li>\n<\/ul>\n<script>function getWR360PopupSkin(){return 'light_clean';}<\/script>","protected":false},"excerpt":{"rendered":"<p>Pr\u00e9sentez vos projets d&rsquo;architecture avec style et efficacit\u00e9 ! Inspirez-vous de notre projet BALI pour structurer une pr\u00e9sentation percutante et professionnelle. Con\u00e7u avec des couleurs chaudes et un design \u00e9pur\u00e9, ce template vous permet de mettre en valeur vos concepts architecturaux de mani\u00e8re claire, \u00e9l\u00e9gante et impactante. Id\u00e9al pour : concours, pr\u00e9sentations clients, portfolios professionnels. [&hellip;]<\/p>\n","protected":false},"featured_media":13159,"comment_status":"open","ping_status":"closed","template":"","meta":{"_acf_changed":false},"product_brand":[],"product_cat":[44],"product_tag":[],"class_list":{"0":"post-13146","1":"product","2":"type-product","3":"status-publish","4":"has-post-thumbnail","6":"product_cat-template","8":"first","9":"instock","10":"sale","11":"downloadable","12":"virtual","13":"purchasable","14":"product-type-simple"},"acf":[],"jetpack_sharing_enabled":true,"_links":{"self":[{"href":"https:\/\/hi-render.ch\/de\/wp-json\/wp\/v2\/product\/13146","targetHints":{"allow":["GET"]}}],"collection":[{"href":"https:\/\/hi-render.ch\/de\/wp-json\/wp\/v2\/product"}],"about":[{"href":"https:\/\/hi-render.ch\/de\/wp-json\/wp\/v2\/types\/product"}],"replies":[{"embeddable":true,"href":"https:\/\/hi-render.ch\/de\/wp-json\/wp\/v2\/comments?post=13146"}],"wp:featuredmedia":[{"embeddable":true,"href":"https:\/\/hi-render.ch\/de\/wp-json\/wp\/v2\/media\/13159"}],"wp:attachment":[{"href":"https:\/\/hi-render.ch\/de\/wp-json\/wp\/v2\/media?parent=13146"}],"wp:term":[{"taxonomy":"product_brand","embeddable":true,"href":"https:\/\/hi-render.ch\/de\/wp-json\/wp\/v2\/product_brand?post=13146"},{"taxonomy":"product_cat","embeddable":true,"href":"https:\/\/hi-render.ch\/de\/wp-json\/wp\/v2\/product_cat?post=13146"},{"taxonomy":"product_tag","embeddable":true,"href":"https:\/\/hi-render.ch\/de\/wp-json\/wp\/v2\/product_tag?post=13146"}],"curies":[{"name":"wp","href":"https:\/\/api.w.org\/{rel}","templated":true}]}}