{"id":12962,"date":"2025-01-28T15:40:48","date_gmt":"2025-01-28T14:40:48","guid":{"rendered":"https:\/\/hi-render.ch\/?post_type=product&#038;p=12962"},"modified":"2025-06-12T16:57:34","modified_gmt":"2025-06-12T14:57:34","slug":"template-notion","status":"publish","type":"product","link":"https:\/\/hi-render.ch\/de\/produkt\/template-notion\/","title":{"rendered":"Template-Begriff"},"content":{"rendered":"<h4><span style=\"font-family: helvetica, arial, sans-serif;\"><strong>Eine umfassende Schnittstelle f\u00fcr dich und deinen Kunden<\/strong><\/span><\/h4>\n<p><span style=\"font-family: helvetica, arial, sans-serif;\">Biete deinen Kunden einen <strong>eigener Bereich<\/strong> wobei :<\/span><\/p>\n<ul>\n<li><span style=\"font-family: helvetica, arial, sans-serif;\"><strong>Du kannst deine Kontaktdatenbank erstellen.<\/strong> Die Informationen gehen nicht mehr verloren und k\u00f6nnen leichter mit deinen Mitarbeitern geteilt werden.<\/span><\/li>\n<li><span style=\"font-family: helvetica, arial, sans-serif;\"><strong>Deine Klient\/innen k\u00f6nnen alle ihre Dokumente einsehen<\/strong> (Pl\u00e4ne, Vertr\u00e4ge, Rechnungen usw.).<\/span><\/li>\n<li><span style=\"font-family: helvetica, arial, sans-serif;\"><strong>Deine Kunden k\u00f6nnen den Fortschritt des Projekts verfolgen<\/strong> mit dem interaktiven Planer<\/span><\/li>\n<li><span style=\"font-family: helvetica, arial, sans-serif;\"><strong>Deine Sch\u00fcler\/innen k\u00f6nnen einen Projektfragebogen ausf\u00fcllen<\/strong> um ihre Bed\u00fcrfnisse zu kl\u00e4ren<\/span><\/li>\n<li><span style=\"font-family: helvetica, arial, sans-serif;\"><strong>Du kannst alle wichtigen Informationen speichern<\/strong> des Projekts<\/span><\/li>\n<li><span style=\"font-family: helvetica, arial, sans-serif;\"><strong>Du kannst eine Einkaufsliste erstellen<\/strong> f\u00fcr M\u00f6bel und Accessoires, mit Bildern und Beschreibungen<\/span><\/li>\n<li><span style=\"font-family: helvetica, arial, sans-serif;\"><strong>Und noch viel mehr!<\/strong><\/span><\/li>\n<\/ul>\n<h4><span style=\"font-family: helvetica, arial, sans-serif;\"><strong>Optimiere die Verwaltung deiner Architekturprojekte mit Notion<\/strong><\/span><\/h4>\n<p><span style=\"font-family: helvetica, arial, sans-serif;\"><strong>Spare Zeit, strukturiere deine Arbeit und biete deinen Kunden ein reibungsloses Erlebnis.<\/strong><\/span><\/p>\n<p><span style=\"font-family: helvetica, arial, sans-serif;\">Jonglierst du zwischen verschiedenen Projekten, Kunden und Terminen? <strong>Vereinfache deinen Workflow<\/strong> und <strong>zentralisiere alle deine Daten<\/strong> dank dieser <strong>template Begriff<\/strong>, die speziell f\u00fcr die <strong>Architekten und Innenarchitekten<\/strong>.<\/span><\/p>\n<h4><span style=\"font-family: helvetica, arial, sans-serif;\"><strong>Warum sollte man dieses Template \u00fcbernehmen?<\/strong><\/span><\/h4>\n<h4><span style=\"font-family: helvetica, arial, sans-serif;\"><strong>Eine klare und effektive Organisation<\/strong><\/span><\/h4>\n<ul>\n<li><span style=\"font-family: helvetica, arial, sans-serif;\"><strong>Erstelle deine Kontaktdatenbank<\/strong> Die Informationen gehen nicht mehr verloren und k\u00f6nnen leichter mit deinen Mitarbeitern geteilt werden.<\/span><\/li>\n<li><span style=\"font-family: helvetica, arial, sans-serif;\"><strong>Buchhandlung f\u00fcr Gegenst\u00e4nde und Materialien<\/strong> Liste und organisiere alle Materialien, die du f\u00fcr dein Projekt ben\u00f6tigst.<\/span><\/li>\n<li><span style=\"font-family: helvetica, arial, sans-serif;\"><strong>Master Buchhandel<\/strong>: Sammle und archiviere alle deine Gegenst\u00e4nde (M\u00f6bel, Leuchten, Verkleidungen, ...) und Referenzen, damit du keine Zeit mit dem Suchen von Gegenst\u00e4nden von einem Projekt zum anderen vergeudest. Erstelle deine eigene Bilbliothek und weise sie jedem Projekt zu.\u00a0<\/span><\/li>\n<li><span style=\"font-family: helvetica, arial, sans-serif;\"><strong>Erweiterte Verwaltung von Objekten<\/strong> (M\u00f6bel, Leuchten, Verkleidungen): Weisen Sie Objekte einem Projekt zu, pr\u00e4sentieren Sie sie Ihren Kunden \u00fcber die Benutzeroberfl\u00e4che und \u00e4ndern Sie ihren Freigabestatus (<strong>Freigegeben, Abgelehnt<\/strong>).<\/span><\/li>\n<\/ul>\n<h4><\/h4>\n<h4><\/h4>\n<h4><span style=\"font-family: helvetica, arial, sans-serif;\"><strong>Optimales Projektmanagement<\/strong><\/span><\/h4>\n<ul>\n<li><span style=\"font-family: helvetica, arial, sans-serif;\"><strong>Gantt-Planung<\/strong> : Ein klarer und pr\u00e4ziser Zeitplan ist unerl\u00e4sslich. Erstelle einen Zeitplan f\u00fcr jedes Projekt und teile ihn mit deinen Kunden, um eine reibungslose Verwaltung zu gew\u00e4hrleisten.<\/span><\/li>\n<li><span style=\"font-family: helvetica, arial, sans-serif;\"><strong>Zeiterfassung pro Projekt<\/strong> : Verfolge genau, wie viele Stunden du und dein Team f\u00fcr jedes Projekt und jede Aufgabe aufgewendet haben. Optimiere deine Organisation, steigere deine Effizienz und vor allem, <strong>nichts vergessen<\/strong> !<\/span><\/li>\n<li><span style=\"font-family: helvetica, arial, sans-serif;\"><strong>Vereinfachte Rechnungsstellung<\/strong> : verfolge die Zahlungen, indem du den Status \u00e4nderst (<strong>Bezahlt, \u00dcberf\u00e4llig<\/strong>) und teile sie mit deinem Kunden, um eine optimale und transparente Betreuung zu gew\u00e4hrleisten.<\/span><\/li>\n<\/ul>\n<h4><\/h4>\n<h4><\/h4>\n<h4><span style=\"font-family: helvetica, arial, sans-serif;\"><strong>Einfache Kommunikation und Austausch<\/strong><\/span><\/h4>\n<ul>\n<li><span style=\"font-family: helvetica, arial, sans-serif;\"><strong>Tausche deine Pl\u00e4ne, 3D-Visualisierungen und Freihandskizzen aus<\/strong> : Biete deinen Kunden einen klaren \u00dcberblick \u00fcber das Projekt in jeder Phase. Diese Medien <strong>st\u00e4rken die Zusammenarbeit<\/strong> und <strong>deine Kreativit\u00e4t aufwerten<\/strong>Die Sch\u00fclerinnen und Sch\u00fcler m\u00fcssen sich mit der Situation vertraut machen, indem sie die Entscheidungsfindung erleichtern.<\/span><\/li>\n<li><span style=\"font-family: helvetica, arial, sans-serif;\"><strong>Notizen und Protokolle<\/strong> : Speichere alle deine Notizen und wichtigen Informationen, ohne dein Gehirn zu \u00fcberlasten, und lass Raum f\u00fcr Kreativit\u00e4t. <strong>F\u00fcge Fotos, Links und alles, was du brauchst, hinzu, damit du nichts vergisst.<\/strong><\/span><\/li>\n<li><span style=\"font-family: helvetica, arial, sans-serif;\"><strong>Notion-Plattform<\/strong> : Teile die gesamte Dokumentation deines Projekts mit deinem Kunden, der sie jederzeit einsehen und den Fortschritt in Echtzeit verfolgen kann.<\/span><\/li>\n<\/ul>\n<p><span style=\"font-family: helvetica, arial, sans-serif;\">\u00a0<strong>Spar dir Zeit, steigere deine Produktivit\u00e4t und beeindrucke deine Kunden mit einer hocheffizienten Verwaltung!<\/strong><\/span><\/p>\n<script>function getWR360PopupSkin(){return 'light_clean';}<\/script>","protected":false},"excerpt":{"rendered":"<p>Alles, was du wissen musst, um ein Badezimmer zu planen, zu entwerfen und zu bauen<\/p>\n<h3>Was du bekommen wirst:<\/h3>\n<p>&nbsp;<\/p>\n<p>&nbsp;<\/p>\n<p>&nbsp;<\/p>\n<h2>1. Revit Template File (Revit 2019 oder sp\u00e4ter) Metric &amp; Imperial**.<\/h2>\n<ul>\n<li>Dazu geh\u00f6rt auch ein ausf\u00fchrliches allgemeines Notizblatt mit Projektinfos, Symbolen, Abk\u00fcrzungen, Zeichnungslisten, und das alles in 4 verschiedenen Ma\u00dfst\u00e4ben und mehr.<\/li>\n<li>Dimensionsstile in 5 verschiedenen Skalen in horizontalem und vertikalem Stil.<\/li>\n<li>Cut and elevation markers in 4 different scale styles Automatic Zone markers tags with the area and finishes types in 4 different scale sizes.<\/li>\n<li>Level, Abschnitt, H\u00f6henmarkierungen und Nordpunkte f\u00fcr alle Skalierungsgr\u00f6\u00dfen Dynamische Skalierungsbalken f\u00fcr die Layoutbl\u00e4tter.<\/li>\n<li>Dynamic norths f\u00fcr die Layout-Sheets.<\/li>\n<li>Textanmerkungsstile f\u00fcr alle Skalengr\u00f6\u00dfen (Metrisch oder Imperial).<\/li>\n<li>Beispielprojekt: kleine Musterfl\u00e4che, Linienlayout.<\/li>\n<li>Electrical Project template: Small sample floor plan, model components, styling, line types and notes, 30 electrical + lighting components: outlets, recessed, surface lights, fans, smoke detectors, electrical panels + more.<\/li>\n<li>Elektrische Symbole, allgemeine Hinweise und ein gebrauchsfertiger Beleuchtungsplan. Elektroplan und RCP View Template.<\/li>\n<\/ul>\n<h2>2. Farbtabelle f\u00fcr alle Skalen (.ctb):<\/h2>\n<ul>\n<li>Mit voreingestellten Stifteinstellungen, Breiten und Farben entsprechend den Layern, bereit f\u00fcr die Installation und den Druck. Halte alle deine Pl\u00e4ne sauber und geradlinig und immer im gleichen minimalistischen Stil.<\/li>\n<\/ul>\n<h2>3. Layout Sheets bereit zum Bearbeiten und Drucken:<\/h2>\n<ul>\n<li>Vorgezeichnete, minimalistische Titelblockfamilien enthalten drei von jeder der g\u00e4ngigsten Metrikgr\u00f6\u00dfen. Dazu kommen passende Deckbl\u00e4tter in vier Gr\u00f6\u00dfen. F\u00fcge einfach dein Logo + Branding hinzu und diese einfachen, sauberen Layouts sind bereit zum Plotten.<\/li>\n<\/ul>\n<h2>4. Imperial titles blocks (landscape format):<\/h2>\n<ul>\n<li>Arch D (36\u2033 x 24\u2033) Arch D Cover Sheet Arch C (24\u2033 x 18\u2033) Tabloid (17\u2033 x 11\u2033)<\/li>\n<\/ul>\n<h2>5. Metric title blocks (landscape format):<\/h2>\n<ul>\n<li>A1 (841mm x 594 mm) A1 Deckblatt A2 (594mm x 420mm) A3 (420mm x 297mm)<\/li>\n<\/ul>\n<h2>6. Ebook Guide (PDF):<\/h2>\n<p>Installations- und Stylinganweisungen Eine komplette Anleitung, die dir Schritt f\u00fcr Schritt erkl\u00e4rt, wie du deine neue Revit-Vorlage verwenden kannst, mit Tipps und Tricks, die dir helfen, keine Zeit zu verschwenden!<\/p>","protected":false},"featured_media":13007,"comment_status":"open","ping_status":"closed","template":"","meta":{"_acf_changed":false},"product_brand":[],"product_cat":[44],"product_tag":[],"class_list":{"0":"post-12962","1":"product","2":"type-product","3":"status-publish","4":"has-post-thumbnail","6":"product_cat-template","8":"first","9":"instock","10":"downloadable","11":"virtual","12":"sold-individually","13":"purchasable","14":"product-type-simple"},"acf":[],"jetpack_sharing_enabled":true,"_links":{"self":[{"href":"https:\/\/hi-render.ch\/de\/wp-json\/wp\/v2\/product\/12962","targetHints":{"allow":["GET"]}}],"collection":[{"href":"https:\/\/hi-render.ch\/de\/wp-json\/wp\/v2\/product"}],"about":[{"href":"https:\/\/hi-render.ch\/de\/wp-json\/wp\/v2\/types\/product"}],"replies":[{"embeddable":true,"href":"https:\/\/hi-render.ch\/de\/wp-json\/wp\/v2\/comments?post=12962"}],"wp:featuredmedia":[{"embeddable":true,"href":"https:\/\/hi-render.ch\/de\/wp-json\/wp\/v2\/media\/13007"}],"wp:attachment":[{"href":"https:\/\/hi-render.ch\/de\/wp-json\/wp\/v2\/media?parent=12962"}],"wp:term":[{"taxonomy":"product_brand","embeddable":true,"href":"https:\/\/hi-render.ch\/de\/wp-json\/wp\/v2\/product_brand?post=12962"},{"taxonomy":"product_cat","embeddable":true,"href":"https:\/\/hi-render.ch\/de\/wp-json\/wp\/v2\/product_cat?post=12962"},{"taxonomy":"product_tag","embeddable":true,"href":"https:\/\/hi-render.ch\/de\/wp-json\/wp\/v2\/product_tag?post=12962"}],"curies":[{"name":"wp","href":"https:\/\/api.w.org\/{rel}","templated":true}]}}