{"id":12722,"date":"2025-04-20T14:39:21","date_gmt":"2025-04-20T12:39:21","guid":{"rendered":"https:\/\/hi-render.ch\/?post_type=product&#038;p=12722"},"modified":"2025-09-12T05:20:11","modified_gmt":"2025-09-12T03:20:11","slug":"ebook-cuisine-fichiers-cad","status":"publish","type":"product","link":"https:\/\/hi-render.ch\/de\/produkt\/ebook-cuisine-fichiers-cad\/","title":{"rendered":"eBook Kochen + CAD-Dateien"},"content":{"rendered":"<h5>Ein umfassender Leitfaden zum Thema K\u00fcchen :<\/h5>\n<p>Ein Thema, das f\u00fcr uns als Berufst\u00e4tige in unserer Anfangszeit ziemlich kompliziert zu meistern war.<\/p>\n<p>Nous avons donc d\u00e9cid\u00e9 de vous fournir toutes les informations n\u00e9cessaires pour bien concevoir, dessiner, construire et \u00e9clairer une cuisine, ainsi que pour choisir les mat\u00e9riaux les plus appropri\u00e9s.<\/p>\n<p>In diesem Handbuch findest du :<\/p>\n<ul>\n<li><strong>Die Standardma\u00dfe von K\u00fcchen, die du kennen solltest<\/strong> (eBook PDF, Archicad 26 Zeichnungen und DWG).<\/li>\n<li><strong>2D-K\u00fcchenpl\u00e4ne und ihre Standards<\/strong> damit du sie einfach in deine Projektzeichnungen integrieren kannst, ohne alles von Grund auf neu zeichnen zu m\u00fcssen (Typenk\u00fcchen 2D-Zeichnungen) (Archicad 26 und DWG-Zeichnungen)<\/li>\n<li><strong>Entdecke 10 inspirierende K\u00fcchen mit den neuesten Trends<\/strong>Die K\u00fcchen sind mit innovativen Konstruktionsdetails ausgestattet, wobei der Schwerpunkt auf den Pl\u00e4nen liegt: Grundrisse, Ansichten, technische Details, Perspektiven, Materialien, K\u00fcchenausstattung (PDF-, Archicad 26- und DWG-Dateien). Jede K\u00fcche wird mit Grundrissen, Schnitten und technischen Details geliefert.<\/li>\n<li><strong>5 K\u00fcchen, die in SketchUp in 3D entwickelt wurden<\/strong> (inklusive SketchUp-Datei).<\/li>\n<li><strong>\u00dcber 150 Referenzen f\u00fcr Haushaltsger\u00e4te und Trendmaterialien<\/strong> : Entdecke unsere Favoriten, von Arbeitsplatten \u00fcber Sp\u00fclen, Dunstabzugshauben, K\u00fchlschr\u00e4nke, Back\u00f6fen, M\u00f6belgriffe, Fliesen und Innovationen.<\/li>\n<li><strong>Materialien, aus denen eine K\u00fcche besteht<\/strong> : Eine umfassende Analyse der Materialien, die du in einer K\u00fcche verwenden kannst, mit ihren Eigenschaften, Vor- und Nachteilen.<\/li>\n<li><strong>Wie kann man die Beleuchtung in einer K\u00fcche steuern?<\/strong> Wir nehmen alle m\u00f6glichen und notwendigen Lichtquellen auseinander, um eine funktionale und warme Atmosph\u00e4re in deinem Raum zu schaffen.<\/li>\n<li><strong>3 baureife Detailpl\u00e4ne f\u00fcr die K\u00fcche<\/strong> Die wichtigsten Informationen: alle notwendigen Anmerkungen auf den Pl\u00e4nen, um die verschiedenen Gewerke richtig zu verstehen. Beispiel f\u00fcr einen Tischler-\/K\u00fcchenplan und den Unterschied zwischen diesen beiden K\u00fcchenanbietern im PDF-, Archicad 26- und DWG-Format.<\/li>\n<li><strong>20 Griffdetails<\/strong> die du in deine Projekte \u00fcbernehmen kannst (Beschreibung auf dem PDF-Ebook, 2D-Zeichnungen in DWG und Archicad).<\/li>\n<li><strong>10 praktische Details f\u00fcr deine K\u00fcchenplanung<\/strong> (Beschreibung auf dem Ebook PDF, 2D-Zeichnungen in DWG und Archicad)<\/li>\n<li><strong>\u00dcber 80 technische Zeichnungen von verschiedenen Anbietern von Haushaltsger\u00e4ten, Wasserh\u00e4hnen und K\u00fcchensp\u00fclen <\/strong>(Archicad 26 und DWG).<\/li>\n<li><strong>Unsere liebsten K\u00fcchenlieferanten unter die Lupe genommen:<\/strong> Vorteile, Besonderheiten, Lieblingsmodelle, Preisklasse, Showroom in Europa<\/li>\n<li><strong>Verschiedene K\u00fcchenlayouts<\/strong> um dich inspirieren zu lassen und sie auf deine Projekte anzuwenden (Archicad 26 und DWG, Book PDF).<\/li>\n<\/ul>\n<h5 style=\"padding-left: 40px;\"><em style=\"font-size: 16px;\">Das ebook wird nur als PDF-Version geliefert kein Druck - Ma\u00dfsystem: Metrisch (Meter, Zentimeter, Millimeter) und Imperial (Inch - Feet)<br \/>\n<\/em><\/h5>\n<script>function getWR360PopupSkin(){return 'light_clean';}<\/script>","protected":false},"excerpt":{"rendered":"<article class=\"text-token-text-primary w-full focus:outline-none scroll-mt-[calc(var(--header-height)+min(200px,max(70px,20svh)))]\" dir=\"auto\" tabindex=\"-1\" data-turn-id=\"cbfd6d04-a2cf-4ef7-8ede-a6b06c7a38a3\" data-testid=\"conversation-turn-34\" data-scroll-anchor=\"true\" data-turn=\"assistant\">\n<div class=\"text-base my-auto mx-auto pb-10 [--thread-content-margin:--spacing(4)] thread-sm:[--thread-content-margin:--spacing(6)] thread-lg:[--thread-content-margin:--spacing(16)] px-(--thread-content-margin)\">\n<div class=\"[--thread-content-max-width:40rem] thread-sm:[--thread-content-max-width:40rem] thread-lg:[--thread-content-max-width:48rem] mx-auto max-w-(--thread-content-max-width) flex-1 group\/turn-messages focus-visible:outline-hidden relative flex w-full min-w-0 flex-col agent-turn\" tabindex=\"-1\">\n<div class=\"flex max-w-full flex-col grow\">\n<div class=\"min-h-8 text-message relative flex w-full flex-col items-end gap-2 text-start break-words whitespace-normal [.text-message+&amp;]:mt-5\" dir=\"auto\" data-message-author-role=\"assistant\" data-message-id=\"be225064-b8bf-42ed-8d9a-0d126019c9cb\" data-message-model-slug=\"gpt-5\">\n<div class=\"flex w-full flex-col gap-1 empty:hidden first:pt-[3px]\">\n<div class=\"markdown prose dark:prose-invert w-full break-words light markdown-new-styling\">\n<p data-start=\"52\" data-end=\"121\" data-is-last-node=\"\" data-is-only-node=\"\"><strong data-start=\"52\" data-end=\"121\" data-is-last-node=\"\">Everything you need to know to design, draw, and build a bathroom<\/strong><\/p>\n<\/div>\n<\/div>\n<\/div>\n<\/div>\n<div class=\"flex min-h-[46px] justify-start\"><\/div>\n<div class=\"mt-3 w-full empty:hidden\">\n<div class=\"text-center\"><\/div>\n<\/div>\n<\/div>\n<\/div>\n<\/article>\n<h3>What you will get:<\/h3>\n<p>&nbsp;<\/p>\n<p>&nbsp;<\/p>\n<p>&nbsp;<\/p>\n<h2>1. Revit Template File (Revit 2019 or later) Metric &amp; Imperial**<\/h2>\n<ul>\n<li>This also includes a thorough general notes sheet with project info, symbols legend, abbreviations, drawing lists, and all in 4 different scales and more.<\/li>\n<li>Dimensions styles in 5 different scales in horizontal style and vertical.<\/li>\n<li>Cut and elevation markers in 4 different scale styles Automatic Zone markers tags with the area and finishes types in 4 different scale sizes.<\/li>\n<li>Level, section, elevation markers, and north points for all scale sizes Dynamic scale bars for the layout sheets.<\/li>\n<li>Dynamic norths for the layout sheets.<\/li>\n<li>Text annotation styles for all scale sizes. (Metric or Imperial)<\/li>\n<li>Sample project: small sample floor plan, lines layout.<\/li>\n<li>Electrical Project template: Small sample floor plan, model components, styling, line types and notes, 30 electrical + lighting components: outlets, recessed, surface lights, fans, smoke detectors, electrical panels + more.<\/li>\n<li>Electrical symbols legend, general notes, and ready-to-use Lighting Fixture schedule. Electrical plan and RCP view template.<\/li>\n<\/ul>\n<h2>2.\u00a0Color table for all scales (.ctb):<\/h2>\n<ul>\n<li>With preset pen settings, widths, and colors according to the layers ready for installation and printing. Keep all your plans clean and straightforward and always with the same minimalist style.<\/li>\n<\/ul>\n<h2>3. Layout Sheets ready to modify and print:<\/h2>\n<ul>\n<li>Predesigned, minimalist title block families include three of each of the most common metric sizes. Plus, matching cover sheets in four sizes. Simply add your logo + branding and these simple, clean layouts are ready for plotting.<\/li>\n<\/ul>\n<h2>4. Imperial titles blocks (landscape format):<\/h2>\n<ul>\n<li>Arch D (36&Prime; x 24&Prime;) Arch D Cover Sheet Arch C (24&Prime; x 18&Prime;) Tabloid (17&Prime; x 11&Prime;)<\/li>\n<\/ul>\n<h2>5. Metric title blocks (landscape format):<\/h2>\n<ul>\n<li>A1 (841mm x 594 mm) A1 Cover Sheet A2 (594mm x 420mm) A3 (420mm x 297mm)<\/li>\n<\/ul>\n<h2>6. Ebook Guide (PDF):<\/h2>\n<p>Installation &amp; styling instructions A complete guide that explains how to use your new complete Revit template step by step, with tips and tricks to help stop wasting time!<\/p>\n","protected":false},"featured_media":12745,"comment_status":"open","ping_status":"closed","template":"","meta":{"_acf_changed":false},"product_brand":[],"product_cat":[40],"product_tag":[],"class_list":{"0":"post-12722","1":"product","2":"type-product","3":"status-publish","4":"has-post-thumbnail","6":"product_cat-book","8":"first","9":"instock","10":"sale","11":"downloadable","12":"virtual","13":"sold-individually","14":"purchasable","15":"product-type-simple"},"acf":[],"jetpack_sharing_enabled":true,"_links":{"self":[{"href":"https:\/\/hi-render.ch\/de\/wp-json\/wp\/v2\/product\/12722","targetHints":{"allow":["GET"]}}],"collection":[{"href":"https:\/\/hi-render.ch\/de\/wp-json\/wp\/v2\/product"}],"about":[{"href":"https:\/\/hi-render.ch\/de\/wp-json\/wp\/v2\/types\/product"}],"replies":[{"embeddable":true,"href":"https:\/\/hi-render.ch\/de\/wp-json\/wp\/v2\/comments?post=12722"}],"wp:featuredmedia":[{"embeddable":true,"href":"https:\/\/hi-render.ch\/de\/wp-json\/wp\/v2\/media\/12745"}],"wp:attachment":[{"href":"https:\/\/hi-render.ch\/de\/wp-json\/wp\/v2\/media?parent=12722"}],"wp:term":[{"taxonomy":"product_brand","embeddable":true,"href":"https:\/\/hi-render.ch\/de\/wp-json\/wp\/v2\/product_brand?post=12722"},{"taxonomy":"product_cat","embeddable":true,"href":"https:\/\/hi-render.ch\/de\/wp-json\/wp\/v2\/product_cat?post=12722"},{"taxonomy":"product_tag","embeddable":true,"href":"https:\/\/hi-render.ch\/de\/wp-json\/wp\/v2\/product_tag?post=12722"}],"curies":[{"name":"wp","href":"https:\/\/api.w.org\/{rel}","templated":true}]}}