{"id":12316,"date":"2024-10-23T15:10:07","date_gmt":"2024-10-23T13:10:07","guid":{"rendered":"https:\/\/hi-render.ch\/?post_type=product&#038;p=12316"},"modified":"2025-02-01T10:15:31","modified_gmt":"2025-02-01T09:15:31","slug":"beige_template-contrat-et-offre-dhonoraires","status":"publish","type":"product","link":"https:\/\/hi-render.ch\/de\/produkt\/beige_template-contrat-et-offre-dhonoraires\/","title":{"rendered":"BEIGE_Template Vertrag und Honorarangebot"},"content":{"rendered":"<h5 style=\"padding-left: 40px;\">Eine komplette Schablone f\u00fcr deine Angebote und Vertr\u00e4ge, du findest :<\/h5>\n<ul>\n<li><span class=\"OYPEnA font-feature-liga-off font-feature-clig-off font-feature-calt-off text-decoration-none text-strikethrough-none\">Titel<\/span><\/li>\n<li><span class=\"OYPEnA font-feature-liga-off font-feature-clig-off font-feature-calt-off text-decoration-none text-strikethrough-none\">Seite Einleitung<\/span><\/li>\n<li><span class=\"OYPEnA font-feature-liga-off font-feature-clig-off font-feature-calt-off text-decoration-none text-strikethrough-none\">9 Projektphasen mit detaillierter Phasenbeschreibung - Stundenbedarf pro Phase: Entdecke unsere umfassende Vorlage f\u00fcr Innenarchitekten, die die 9 wichtigsten Phasen des Projektentstehungsprozesses detailliert beschreibt. Die Vorlage enth\u00e4lt klare und pr\u00e4zise Beschreibungen f\u00fcr jede Phase, vom Vorentwurf \u00fcber die Designvision, die Konzeptentwicklung und die Materialauswahl bis hin zur endg\u00fcltigen Einrichtung. Jede Phase wird mit einer Sch\u00e4tzung der ben\u00f6tigten Stunden versehen, sodass Fachleute ihre Zeit besser planen und ihre Ressourcen optimieren k\u00f6nnen. Diese ma\u00dfgeschneiderten Inhalte erleichtern die Pr\u00e4sentation und das Management deiner Projekte und sorgen so f\u00fcr ein reibungsloses und professionelles Erlebnis f\u00fcr deine Kunden.<\/span><\/li>\n<li><span class=\"OYPEnA font-feature-liga-off font-feature-clig-off font-feature-calt-off text-decoration-none text-strikethrough-none\">Zusammenfassungen der Phasen<\/span><\/li>\n<li><span class=\"OYPEnA font-feature-liga-off font-feature-clig-off font-feature-calt-off text-decoration-none text-strikethrough-none\">Stundensatz f\u00fcr die Phasen<\/span><\/li>\n<li>Unser Prozess (nach Phasen)<\/li>\n<li><span class=\"OYPEnA font-feature-liga-off font-feature-clig-off font-feature-calt-off text-decoration-none text-strikethrough-none\">Unterschrift<\/span><\/li>\n<li><span class=\"OYPEnA font-feature-liga-off font-feature-clig-off font-feature-calt-off text-decoration-none text-strikethrough-none\">Allgemeine Gesch\u00e4ftsbedingungen und Gesetz<\/span><\/li>\n<\/ul>\n<script>function getWR360PopupSkin(){return 'light_clean';}<\/script>","protected":false},"excerpt":{"rendered":"<p>Un template complet pour vos offres et contrats, vous trouverez : Titre Page introduction 9 phases du projet avec explications d\u00e9taill\u00e9es des phases &#8211; heures n\u00e9cessaires par phases: D\u00e9couvrez notre mod\u00e8le complet d\u00e9di\u00e9 aux architectes d&rsquo;int\u00e9rieur, qui d\u00e9taille les 9 phases essentielles du processus de cr\u00e9ation de projet. Ce mod\u00e8le fournit des descriptions claires et [&hellip;]<\/p>\n","protected":false},"featured_media":12327,"comment_status":"open","ping_status":"closed","template":"","meta":{"_acf_changed":false},"product_brand":[],"product_cat":[44],"product_tag":[],"class_list":{"0":"post-12316","1":"product","2":"type-product","3":"status-publish","4":"has-post-thumbnail","6":"product_cat-template","8":"first","9":"instock","10":"sale","11":"downloadable","12":"virtual","13":"purchasable","14":"product-type-simple"},"acf":[],"jetpack_sharing_enabled":true,"_links":{"self":[{"href":"https:\/\/hi-render.ch\/de\/wp-json\/wp\/v2\/product\/12316","targetHints":{"allow":["GET"]}}],"collection":[{"href":"https:\/\/hi-render.ch\/de\/wp-json\/wp\/v2\/product"}],"about":[{"href":"https:\/\/hi-render.ch\/de\/wp-json\/wp\/v2\/types\/product"}],"replies":[{"embeddable":true,"href":"https:\/\/hi-render.ch\/de\/wp-json\/wp\/v2\/comments?post=12316"}],"wp:featuredmedia":[{"embeddable":true,"href":"https:\/\/hi-render.ch\/de\/wp-json\/wp\/v2\/media\/12327"}],"wp:attachment":[{"href":"https:\/\/hi-render.ch\/de\/wp-json\/wp\/v2\/media?parent=12316"}],"wp:term":[{"taxonomy":"product_brand","embeddable":true,"href":"https:\/\/hi-render.ch\/de\/wp-json\/wp\/v2\/product_brand?post=12316"},{"taxonomy":"product_cat","embeddable":true,"href":"https:\/\/hi-render.ch\/de\/wp-json\/wp\/v2\/product_cat?post=12316"},{"taxonomy":"product_tag","embeddable":true,"href":"https:\/\/hi-render.ch\/de\/wp-json\/wp\/v2\/product_tag?post=12316"}],"curies":[{"name":"wp","href":"https:\/\/api.w.org\/{rel}","templated":true}]}}