{"id":7800,"date":"2024-05-18T23:57:31","date_gmt":"2024-05-18T21:57:31","guid":{"rendered":"https:\/\/hi-render.ch\/?page_id=7800"},"modified":"2025-06-08T14:53:05","modified_gmt":"2025-06-08T12:53:05","slug":"cart","status":"publish","type":"page","link":"https:\/\/hi-render.ch\/de\/cart\/","title":{"rendered":"Cart"},"content":{"rendered":"<div data-elementor-type=\"wp-page\" data-elementor-id=\"7800\" class=\"elementor elementor-7800\" data-elementor-post-type=\"page\">\n\t\t\t\t<div class=\"elementor-element elementor-element-c11bf0f e-flex e-con-boxed e-con e-parent\" data-id=\"c11bf0f\" data-element_type=\"container\" data-e-type=\"container\">\n\t\t\t\t\t<div class=\"e-con-inner\">\n\t\t<div class=\"elementor-element elementor-element-afa70eb e-con-full e-flex e-con e-child\" data-id=\"afa70eb\" data-element_type=\"container\" data-e-type=\"container\">\n\t\t\t\t<div class=\"elementor-element elementor-element-61c6581 elementor-widget elementor-widget-heading\" data-id=\"61c6581\" data-element_type=\"widget\" data-e-type=\"widget\" data-widget_type=\"heading.default\">\n\t\t\t\t\t<h2 class=\"elementor-heading-title elementor-size-default\">Warenkorb<\/h2>\t\t\t\t<\/div>\n\t\t\t\t<div class=\"elementor-element elementor-element-4c19e30 elementor-widget__width-initial elementor-widget elementor-widget-text-editor\" data-id=\"4c19e30\" data-element_type=\"widget\" data-e-type=\"widget\" data-widget_type=\"text-editor.default\">\n\t\t\t\t\t\t\t\t\t<p>Unsere Website entstand aus unserer Leidenschaft, jedem Architekten hochwertige Ressourcen und praktische Werkzeuge anzubieten, um seine Kreativit\u00e4t zu n\u00e4hren und seine Berufspraxis zu verbessern.<\/p>\t\t\t\t\t\t\t\t<\/div>\n\t\t\t\t<\/div>\n\t\t\t\t<div class=\"elementor-element elementor-element-3949c9a elementor-widget-divider--view-line elementor-widget elementor-widget-divider\" data-id=\"3949c9a\" data-element_type=\"widget\" data-e-type=\"widget\" data-widget_type=\"divider.default\">\n\t\t\t\t\t\t\t<div class=\"elementor-divider\">\n\t\t\t<span class=\"elementor-divider-separator\">\n\t\t\t\t\t\t<\/span>\n\t\t<\/div>\n\t\t\t\t\t\t<\/div>\n\t\t\t\t\t<\/div>\n\t\t\t\t<\/div>\n\t\t<div class=\"elementor-element elementor-element-8fce351 e-flex e-con-boxed e-con e-parent\" data-id=\"8fce351\" data-element_type=\"container\" data-e-type=\"container\">\n\t\t\t\t\t<div class=\"e-con-inner\">\n\t\t<div class=\"elementor-element elementor-element-d4995dc e-con-full e-flex e-con e-child\" data-id=\"d4995dc\" data-element_type=\"container\" data-e-type=\"container\">\n\t\t\t\t<\/div>\n\t\t\t\t\t<\/div>\n\t\t\t\t<\/div>\n\t\t\t\t<\/div>\n\t\t<script>function getWR360PopupSkin(){return 'light_clean';}<\/script>","protected":false},"excerpt":{"rendered":"<p>Panier Notre site web est n\u00e9 de notre passion pour offrir \u00e0 chaque architecte des ressources de qualit\u00e9 et des outils pratiques pour nourrir leur cr\u00e9ativit\u00e9 et am\u00e9liorer leur pratique professionnelle. Remove item Thumbnail image Product Price Quantity Subtotal &times; Guide complet et fichiers pour organiser un chantier de A \u00e0 Z &#67;&#72;&#70;&nbsp;60.00 Guide complet [&hellip;]<\/p>\n","protected":false},"author":5,"featured_media":0,"parent":0,"menu_order":0,"comment_status":"closed","ping_status":"closed","template":"","meta":{"_acf_changed":false,"footnotes":""},"class_list":["post-7800","page","type-page","status-publish","hentry"],"acf":[],"jetpack_sharing_enabled":true,"_links":{"self":[{"href":"https:\/\/hi-render.ch\/de\/wp-json\/wp\/v2\/pages\/7800","targetHints":{"allow":["GET"]}}],"collection":[{"href":"https:\/\/hi-render.ch\/de\/wp-json\/wp\/v2\/pages"}],"about":[{"href":"https:\/\/hi-render.ch\/de\/wp-json\/wp\/v2\/types\/page"}],"author":[{"embeddable":true,"href":"https:\/\/hi-render.ch\/de\/wp-json\/wp\/v2\/users\/5"}],"replies":[{"embeddable":true,"href":"https:\/\/hi-render.ch\/de\/wp-json\/wp\/v2\/comments?post=7800"}],"version-history":[{"count":3,"href":"https:\/\/hi-render.ch\/de\/wp-json\/wp\/v2\/pages\/7800\/revisions"}],"predecessor-version":[{"id":14987,"href":"https:\/\/hi-render.ch\/de\/wp-json\/wp\/v2\/pages\/7800\/revisions\/14987"}],"wp:attachment":[{"href":"https:\/\/hi-render.ch\/de\/wp-json\/wp\/v2\/media?parent=7800"}],"curies":[{"name":"wp","href":"https:\/\/api.w.org\/{rel}","templated":true}]}}