{"id":3,"date":"2023-04-04T16:15:30","date_gmt":"2023-04-04T16:15:30","guid":{"rendered":"https:\/\/hyggin-pro.ch\/?page_id=3"},"modified":"2024-08-20T12:09:42","modified_gmt":"2024-08-20T10:09:42","slug":"privacy-policy","status":"publish","type":"page","link":"https:\/\/hi-render.ch\/de\/privacy-policy\/","title":{"rendered":"Legale \/ Privacy Policy"},"content":{"rendered":"<div data-elementor-type=\"wp-page\" data-elementor-id=\"3\" class=\"elementor elementor-3\" data-elementor-post-type=\"page\">\n\t\t\t\t<div class=\"elementor-element elementor-element-af7205e e-flex e-con-boxed e-con e-child\" data-id=\"af7205e\" data-element_type=\"container\" data-e-type=\"container\">\n\t\t\t\t\t<div class=\"e-con-inner\">\n\t\t\t\t<div class=\"elementor-element elementor-element-5378964 elementor-widget elementor-widget-heading\" data-id=\"5378964\" data-element_type=\"widget\" data-e-type=\"widget\" data-widget_type=\"heading.default\">\n\t\t\t\t\t<h2 class=\"elementor-heading-title elementor-size-default\">Datenschutzrichtlinie<\/h2>\t\t\t\t<\/div>\n\t\t\t\t\t<\/div>\n\t\t\t\t<\/div>\n\t\t<div class=\"elementor-element elementor-element-5309bf02 e-flex e-con-boxed e-con e-parent\" data-id=\"5309bf02\" data-element_type=\"container\" data-e-type=\"container\">\n\t\t\t\t\t<div class=\"e-con-inner\">\n\t\t\t\t<div class=\"elementor-element elementor-element-37cea14a elementor-widget__width-initial elementor-widget elementor-widget-text-editor\" data-id=\"37cea14a\" data-element_type=\"widget\" data-e-type=\"widget\" data-widget_type=\"text-editor.default\">\n\t\t\t\t\t\t\t\t\t\n<p>Hyggin.sarl Privacy Policy<\/p>\n<p>Diese Datenschutzrichtlinie beschreibt, wie deine pers\u00f6nlichen Informationen gesammelt, verwendet und weitergegeben werden, wenn du https:\/\/www.hi-render.ch\/ (die \"Seite\") besuchst oder dort einkaufst.<\/p>\n<p>PERS\u00d6NLICHE INFORMATIONEN, DIE WIR SAMMELN<\/p>\n<p>Wenn du die Site besuchst, sammeln wir automatisch bestimmte Informationen \u00fcber dein Ger\u00e4t, einschlie\u00dflich Informationen \u00fcber deinen Webbrowser, IP-Adresse, Zeitzone und einige der Cookies, die auf deinem Ger\u00e4t installiert sind. Wenn du die Website durchsuchst, sammeln wir au\u00dferdem Informationen \u00fcber die einzelnen Webseiten oder Produkte, die du dir ansiehst, welche Websites oder Suchbegriffe dich auf die Website verweisen, und Informationen dar\u00fcber, wie du mit der Website interagierst. Wir bezeichnen diese automatisch gesammelten Informationen als \"Ger\u00e4teinformationen\".<\/p>\n<p>Wir sammeln Ger\u00e4teinformationen mithilfe der folgenden Technologien:<\/p>\n<p>- \"Cookies\" sind Datendateien, die auf deinem Ger\u00e4t oder Computer abgelegt werden und oft eine anonymisierte eindeutige Kennung enthalten. Weitere Informationen \u00fcber Cookies und wie du Cookies deaktivieren kannst, findest du unter http:\/\/www.allaboutcookies.org.<br \/>- \"Logfiles\" verfolgen Aktionen, die auf der Website stattfinden, und sammeln Daten, einschlie\u00dflich deiner IP-Adresse, deines Browsertyps, Internetdienstanbieters, Referrer\/Exit-Seiten und Datums-\/Zeitstempel.<br \/>- \"Web-Beacons\", \"Tags\" und \"Pixel\" sind elektronische Dateien, die verwendet werden, um Informationen dar\u00fcber aufzuzeichnen, wie du die Seite durchsuchst.<\/p>\n<p>Wenn du einen Kauf t\u00e4tigst oder versuchst, einen Kauf \u00fcber die Website zu t\u00e4tigen, sammeln wir au\u00dferdem bestimmte Informationen von dir, einschlie\u00dflich deines Namens, deiner Rechnungsanschrift, deiner Versandanschrift, deiner Zahlungsinformationen (einschlie\u00dflich Kreditkartennummern), deiner E-Mail-Adresse und deiner Telefonnummer. Wir bezeichnen diese Informationen als \"Bestellinformationen\".<\/p>\n<p>Wenn wir in dieser Datenschutzrichtlinie von \"Pers\u00f6nlichen Informationen\" sprechen, sprechen wir sowohl von Ger\u00e4te- als auch von Bestellinformationen.<\/p>\n<p>WIE VERWENDEN WIR DEINE PERS\u00d6NLICHEN INFORMATIONEN?<\/p>\n<p>We use the Order Information that we collect generally to fulfill any orders placed through the Site (including processing your payment information, arrangeing shipping, and providing you with invoices and\/or order confirmations). Dar\u00fcber hinaus verwenden wir diese Bestellinformationen, um:<br \/>- Kommuniziere mit dir;<br \/>- unsere Bestellungen auf m\u00f6gliche Risiken oder Betrug zu \u00fcberpr\u00fcfen; und<br \/>- Wenn du deine Pr\u00e4ferenzen mit uns geteilt hast, k\u00f6nnen wir dir Informationen oder Werbung zu unseren Produkten oder Dienstleistungen anbieten.<\/p>\n<p>We use the Device Information that we collect to help us screen for potential risk and fraud (in particular, your IP address), and more generally to improve and optimize our Site (for example, by generating analytics about how our customers browse and interact with the Site, and to assess the success of our marketing and advertising campaigns).<\/p>\n<p>WEITERGABE DEINER PERS\u00d6NLICHEN INFORMATIONEN<\/p>\n<p>Wir geben deine pers\u00f6nlichen Informationen an Dritte weiter, damit diese uns helfen, deine pers\u00f6nlichen Informationen wie oben beschrieben zu nutzen. Zum Beispiel verwenden wir WordPress, um unsere Website zu betreiben. Wir verwenden auch Google Analytics, um uns dabei zu helfen, zu verstehen, wie unsere Kunden die Website nutzen - du kannst hier mehr dar\u00fcber lesen, wie Google deine pers\u00f6nlichen Informationen verwendet: https:\/\/www.google.com\/intl\/en\/policies\/privacy\/. Du kannst dich auch von Google Analytics abmelden: https:\/\/tools.google.com\/dlpage\/gaoptout.<\/p>\n<p>Schlie\u00dflich k\u00f6nnen wir deine pers\u00f6nlichen Informationen auch weitergeben, um die geltenden Gesetze und Vorschriften einzuhalten, um auf eine Subpoena, einen Suchauftrag oder andere rechtm\u00e4\u00dfige Anfragen nach Informationen, die wir erhalten, zu reagieren oder um unsere Rechte anderweitig zu sch\u00fctzen.<\/p>\n<p>BEHAVIORAL ADVERTISING<\/p>\n<p>Wie oben beschrieben, verwenden wir deine pers\u00f6nlichen Informationen, um dich mit gezielter Werbung oder Marketingkommunikation zu versorgen, von der wir glauben, dass sie f\u00fcr dich von Interesse sein k\u00f6nnte. F\u00fcr weitere Informationen dar\u00fcber, wie gezielte Werbung funktioniert, kannst du die Bildungsseite der Network Advertising Initiative (\"NAI\") unter http:\/\/www.networkadvertising.org\/understanding-online-advertising\/how-does-it-work besuchen.<\/p>\n<p>You can opt out of targeted advertising by:<\/p>\n<p>- FACEBOOK - https:\/\/www.facebook.com\/settings\/?tab=ads<br \/>- GOOGLE - https:\/\/www.google.com\/settings\/ads\/anonymous<br \/>- BING - https:\/\/advertise.bingads.microsoft.com\/en-us\/resources\/policies\/personalized-ads<\/p>\n<p>Au\u00dferdem kannst du dich von einigen dieser Dienste abmelden, indem du das Opt-Out-Portal der Digital Advertising Alliance besuchst: http:\/\/optout.aboutads.info\/.<\/p>\n<p>DO NOT TRACK<\/p>\n<p>Bitte beachte, dass wir die Datenerfassung und die Nutzungspraktiken unserer Website nicht \u00e4ndern, wenn wir ein Do Not Track-Signal von deinem Browser sehen.<\/p>\n<p>YOUR RIGHTS<\/p>\n<p>Wenn du in der EU wohnst, hast du das Recht, auf deine personenbezogenen Daten zuzugreifen und zu verlangen, dass deine personenbezogenen Daten korrigiert, aktualisiert oder gel\u00f6scht werden. Wenn du von diesem Recht Gebrauch machen m\u00f6chtest, kontaktiere uns bitte \u00fcber die unten stehenden Kontaktinformationen.<\/p>\n<p>Wenn du in der EU wohnhaft bist, weisen wir darauf hin, dass wir deine Informationen verarbeiten, um Vertr\u00e4ge mit dir zu erf\u00fcllen (z. B. wenn du eine Bestellung \u00fcber die Website aufgibst) oder um unsere oben genannten legitimen Gesch\u00e4ftsinteressen zu verfolgen. Bitte beachte au\u00dferdem, dass deine Informationen au\u00dferhalb Europas, einschlie\u00dflich Kanada und den Vereinigten Staaten, weitergegeben werden.<\/p>\n<p>DATA RETENTION<\/p>\n<p>Wenn du \u00fcber die Seite eine Bestellung aufgibst, werden wir deine Bestellinformationen f\u00fcr unsere Aufzeichnungen aufbewahren, es sei denn und bis du uns aufforderst, diese Informationen zu l\u00f6schen.<\/p>\n<p>CHANGES<\/p>\n<p>We may update this privacy policy from time to time in order to reflect, for example, changes in our practices or for other operational, legal, or regulatory reasons.<\/p>\n<p>KONTAKT US<\/p>\n<p>Wenn du weitere Informationen \u00fcber unsere Datenschutzpraktiken erhalten m\u00f6chtest, Fragen hast oder eine Beschwerde einreichen m\u00f6chtest, kontaktiere uns bitte per E-Mail unter hello@hi-render.com.<\/p>\n\t\t\t\t\t\t\t\t<\/div>\n\t\t\t\t\t<\/div>\n\t\t\t\t<\/div>\n\t\t\t\t<\/div>\n\t\t<script>function getWR360PopupSkin(){return 'light_clean';}<\/script>","protected":false},"excerpt":{"rendered":"<p>Privacy Policy Hyggin.sarl Privacy Policy This Privacy Policy describes how your personal information is collected, used, and shared when you visit or make a purchase from https:\/\/www.hi-render.ch\/ (the \u201cSite\u201d). PERSONAL INFORMATION WE COLLECT When you visit the Site, we automatically collect certain information about your device, including information about your web browser, IP address, time [&hellip;]<\/p>\n","protected":false},"author":5,"featured_media":0,"parent":0,"menu_order":0,"comment_status":"closed","ping_status":"closed","template":"","meta":{"_acf_changed":false,"footnotes":""},"class_list":["post-3","page","type-page","status-publish","hentry"],"acf":[],"jetpack_sharing_enabled":true,"_links":{"self":[{"href":"https:\/\/hi-render.ch\/de\/wp-json\/wp\/v2\/pages\/3","targetHints":{"allow":["GET"]}}],"collection":[{"href":"https:\/\/hi-render.ch\/de\/wp-json\/wp\/v2\/pages"}],"about":[{"href":"https:\/\/hi-render.ch\/de\/wp-json\/wp\/v2\/types\/page"}],"author":[{"embeddable":true,"href":"https:\/\/hi-render.ch\/de\/wp-json\/wp\/v2\/users\/5"}],"replies":[{"embeddable":true,"href":"https:\/\/hi-render.ch\/de\/wp-json\/wp\/v2\/comments?post=3"}],"version-history":[{"count":0,"href":"https:\/\/hi-render.ch\/de\/wp-json\/wp\/v2\/pages\/3\/revisions"}],"wp:attachment":[{"href":"https:\/\/hi-render.ch\/de\/wp-json\/wp\/v2\/media?parent=3"}],"curies":[{"name":"wp","href":"https:\/\/api.w.org\/{rel}","templated":true}]}}