{"id":243,"date":"2023-04-07T19:03:23","date_gmt":"2023-04-07T17:03:23","guid":{"rendered":"https:\/\/hyggin-pro.ch\/?page_id=243"},"modified":"2024-04-22T07:26:28","modified_gmt":"2024-04-22T05:26:28","slug":"equipe","status":"publish","type":"page","link":"https:\/\/hi-render.ch\/de\/equipe\/","title":{"rendered":"Teams"},"content":{"rendered":"<div data-elementor-type=\"wp-page\" data-elementor-id=\"243\" class=\"elementor elementor-243\" data-elementor-post-type=\"page\">\n\t\t\t\t<div class=\"elementor-element elementor-element-5f49d13 c-box e-flex e-con-boxed e-con e-parent\" data-id=\"5f49d13\" data-element_type=\"container\" data-e-type=\"container\">\n\t\t\t\t\t<div class=\"e-con-inner\">\n\t\t\t\t<div class=\"elementor-element elementor-element-c18da50 elementor-widget elementor-widget-heading\" data-id=\"c18da50\" data-element_type=\"widget\" data-e-type=\"widget\" data-widget_type=\"heading.default\">\n\t\t\t\t\t<h1 class=\"elementor-heading-title elementor-size-default\">Unser Kreativteam<\/h1>\t\t\t\t<\/div>\n\t\t\t\t<div class=\"elementor-element elementor-element-3e242b4 elementor-widget elementor-widget-text-editor\" data-id=\"3e242b4\" data-element_type=\"widget\" data-e-type=\"widget\" data-widget_type=\"text-editor.default\">\n\t\t\t\t\t\t\t\t\t<p>Hi render ist ein 2017 gegr\u00fcndetes kreatives Rendering-Studio, das sich auf High-End-Architekturvisualisierung spezialisiert hat. Unser Team besteht aus Architekten, Innenarchitekten und 3D-Artists.<\/p><p>Unser Fokus liegt darauf, die Natur der zeitgen\u00f6ssischen Architektur st\u00e4ndig zu erforschen und sie in ikonische Visualisierungen zu \u00fcbersetzen, wobei wir immer die fortschrittlichsten Designwerkzeuge bis an ihre Grenzen ausreizen.<\/p><p>Mit einem tiefen Verst\u00e4ndnis von Architektur, Landschaft, Fotografie und einer engen Zusammenarbeit mit dem Designerteam liefert das Studio kraftvolle Architekturbilder f\u00fcr alle Arten von Projekten.<\/p>\t\t\t\t\t\t\t\t<\/div>\n\t\t\t\t\t<\/div>\n\t\t\t\t<\/div>\n\t\t<div class=\"elementor-element elementor-element-978b7d8 c-box e-flex e-con-boxed e-con e-parent\" data-id=\"978b7d8\" data-element_type=\"container\" data-e-type=\"container\">\n\t\t\t\t\t<div class=\"e-con-inner\">\n\t\t<div class=\"elementor-element elementor-element-f7244a3 e-con-full e-flex e-con e-child\" data-id=\"f7244a3\" data-element_type=\"container\" data-e-type=\"container\">\n\t\t\t\t<div class=\"elementor-element elementor-element-2077746 elementor-widget elementor-widget-heading\" data-id=\"2077746\" data-element_type=\"widget\" data-e-type=\"widget\" data-widget_type=\"heading.default\">\n\t\t\t\t\t<h3 class=\"elementor-heading-title elementor-size-default\">Gr\u00fcnderin<\/h3>\t\t\t\t<\/div>\n\t\t\t\t<div class=\"elementor-element elementor-element-d3bbddb elementor-widget elementor-widget-heading\" data-id=\"d3bbddb\" data-element_type=\"widget\" data-e-type=\"widget\" data-widget_type=\"heading.default\">\n\t\t\t\t\t<h2 class=\"elementor-heading-title elementor-size-default\">Sandrine Karlen<\/h2>\t\t\t\t<\/div>\n\t\t\t\t<div class=\"elementor-element elementor-element-1e4c67b elementor-widget elementor-widget-text-editor\" data-id=\"1e4c67b\" data-element_type=\"widget\" data-e-type=\"widget\" data-widget_type=\"text-editor.default\">\n\t\t\t\t\t\t\t\t\tIch liebe es, komfortable, funktionale und \u00e4sthetische Innenr\u00e4ume zu schaffen. Ich spiele mit Licht, Farben und Texturen, um meine einzigartigen Designs zum Leben zu erwecken. R\u00e4ume in einladende Orte zu verwandeln ist meine Leidenschaft.\t\t\t\t\t\t\t\t<\/div>\n\t\t\t\t<\/div>\n\t\t<div class=\"elementor-element elementor-element-15aa3db e-con-full e-flex e-con e-child\" data-id=\"15aa3db\" data-element_type=\"container\" data-e-type=\"container\">\n\t\t\t\t<div class=\"elementor-element elementor-element-f39b4f6 elementor-widget elementor-widget-heading\" data-id=\"f39b4f6\" data-element_type=\"widget\" data-e-type=\"widget\" data-widget_type=\"heading.default\">\n\t\t\t\t\t<h3 class=\"elementor-heading-title elementor-size-default\">Gr\u00fcnderin<\/h3>\t\t\t\t<\/div>\n\t\t\t\t<div class=\"elementor-element elementor-element-9de69ef elementor-widget elementor-widget-heading\" data-id=\"9de69ef\" data-element_type=\"widget\" data-e-type=\"widget\" data-widget_type=\"heading.default\">\n\t\t\t\t\t<h2 class=\"elementor-heading-title elementor-size-default\">Wassim Honeiny<\/h2>\t\t\t\t<\/div>\n\t\t\t\t<div class=\"elementor-element elementor-element-21c514e elementor-widget elementor-widget-text-editor\" data-id=\"21c514e\" data-element_type=\"widget\" data-e-type=\"widget\" data-widget_type=\"text-editor.default\">\n\t\t\t\t\t\t\t\t\tIch liebe es, R\u00e4ume zu entwerfen, die das Leben der Menschen verbessern, Form und Funktion zu erforschen und mit nat\u00fcrlichen und modernen Materialien zu arbeiten, um einzigartige und nachhaltige Designs zu schaffen. Die Befriedigung, wenn ich sehe, wie meine Ideen zum Leben erweckt werden, ist unvergleichlich.\t\t\t\t\t\t\t\t<\/div>\n\t\t\t\t<\/div>\n\t\t<div class=\"elementor-element elementor-element-3fb0762 e-con-full e-flex e-con e-child\" data-id=\"3fb0762\" data-element_type=\"container\" data-e-type=\"container\">\n\t\t\t\t<div class=\"elementor-element elementor-element-9d34975 elementor-widget elementor-widget-heading\" data-id=\"9d34975\" data-element_type=\"widget\" data-e-type=\"widget\" data-widget_type=\"heading.default\">\n\t\t\t\t\t<h3 class=\"elementor-heading-title elementor-size-default\">3d-K\u00fcnstler<\/h3>\t\t\t\t<\/div>\n\t\t\t\t<div class=\"elementor-element elementor-element-07baa94 elementor-widget elementor-widget-heading\" data-id=\"07baa94\" data-element_type=\"widget\" data-e-type=\"widget\" data-widget_type=\"heading.default\">\n\t\t\t\t\t<h2 class=\"elementor-heading-title elementor-size-default\">Antone Fala<\/h2>\t\t\t\t<\/div>\n\t\t\t\t<div class=\"elementor-element elementor-element-9294023 elementor-widget elementor-widget-text-editor\" data-id=\"9294023\" data-element_type=\"widget\" data-e-type=\"widget\" data-widget_type=\"text-editor.default\">\n\t\t\t\t\t\t\t\t\t<p>Ich arbeite in einem spannenden Bereich, der es mir erm\u00f6glicht, Ideen zum Leben zu erwecken, digitale Modelle zu erstellen und Projekte zu visualisieren, noch bevor sie gebaut werden.\u00a0<\/p>\t\t\t\t\t\t\t\t<\/div>\n\t\t\t\t<\/div>\n\t\t<div class=\"elementor-element elementor-element-2156a39 e-con-full e-flex e-con e-child\" data-id=\"2156a39\" data-element_type=\"container\" data-e-type=\"container\">\n\t\t\t\t<div class=\"elementor-element elementor-element-6bfa986 elementor-widget elementor-widget-heading\" data-id=\"6bfa986\" data-element_type=\"widget\" data-e-type=\"widget\" data-widget_type=\"heading.default\">\n\t\t\t\t\t<h3 class=\"elementor-heading-title elementor-size-default\">Innenarchitekt<\/h3>\t\t\t\t<\/div>\n\t\t\t\t<div class=\"elementor-element elementor-element-8134e19 elementor-widget elementor-widget-heading\" data-id=\"8134e19\" data-element_type=\"widget\" data-e-type=\"widget\" data-widget_type=\"heading.default\">\n\t\t\t\t\t<h2 class=\"elementor-heading-title elementor-size-default\">Viktoria\nSS<\/h2>\t\t\t\t<\/div>\n\t\t\t\t<div class=\"elementor-element elementor-element-fdacce5 elementor-widget elementor-widget-text-editor\" data-id=\"fdacce5\" data-element_type=\"widget\" data-e-type=\"widget\" data-widget_type=\"text-editor.default\">\n\t\t\t\t\t\t\t\t\t<p>Was mir gef\u00e4llt, ist, dass ich meine Kreativit\u00e4t durch das Entwerfen einzigartiger Projekte f\u00fcr Kunden zum Ausdruck bringen kann. Ich nutze meine Vorstellungskraft, um Innenr\u00e4ume, M\u00f6bel, Beleuchtung, Materialien und Farben zu entwerfen, die die Bed\u00fcrfnisse unserer Kunden widerspiegeln.<\/p>\t\t\t\t\t\t\t\t<\/div>\n\t\t\t\t<\/div>\n\t\t\t\t\t<\/div>\n\t\t\t\t<\/div>\n\t\t\t\t<\/div>\n\t\t<script>function getWR360PopupSkin(){return 'light_clean';}<\/script>","protected":false},"excerpt":{"rendered":"<p>Rencontrez l&rsquo;\u00e9quipe talentueuse de Hi Render, studio de rendu cr\u00e9atif sp\u00e9cialis\u00e9 dans la visualisation architecturale haut de gamme. Nous repoussons les limites du design pour cr\u00e9er des visualisations iconiques de l&rsquo;architecture contemporaine.<\/p>","protected":false},"author":2,"featured_media":153,"parent":0,"menu_order":0,"comment_status":"closed","ping_status":"closed","template":"","meta":{"_acf_changed":false,"footnotes":""},"class_list":["post-243","page","type-page","status-publish","has-post-thumbnail","hentry"],"acf":[],"jetpack_sharing_enabled":true,"_links":{"self":[{"href":"https:\/\/hi-render.ch\/de\/wp-json\/wp\/v2\/pages\/243","targetHints":{"allow":["GET"]}}],"collection":[{"href":"https:\/\/hi-render.ch\/de\/wp-json\/wp\/v2\/pages"}],"about":[{"href":"https:\/\/hi-render.ch\/de\/wp-json\/wp\/v2\/types\/page"}],"author":[{"embeddable":true,"href":"https:\/\/hi-render.ch\/de\/wp-json\/wp\/v2\/users\/2"}],"replies":[{"embeddable":true,"href":"https:\/\/hi-render.ch\/de\/wp-json\/wp\/v2\/comments?post=243"}],"version-history":[{"count":0,"href":"https:\/\/hi-render.ch\/de\/wp-json\/wp\/v2\/pages\/243\/revisions"}],"wp:featuredmedia":[{"embeddable":true,"href":"https:\/\/hi-render.ch\/de\/wp-json\/wp\/v2\/media\/153"}],"wp:attachment":[{"href":"https:\/\/hi-render.ch\/de\/wp-json\/wp\/v2\/media?parent=243"}],"curies":[{"name":"wp","href":"https:\/\/api.w.org\/{rel}","templated":true}]}}