{"id":165,"date":"2023-04-07T17:40:48","date_gmt":"2023-04-07T15:40:48","guid":{"rendered":"https:\/\/hyggin-pro.ch\/?page_id=165"},"modified":"2024-09-01T18:12:50","modified_gmt":"2024-09-01T16:12:50","slug":"visite-virtuelle","status":"publish","type":"page","link":"https:\/\/hi-render.ch\/de\/visite-virtuelle\/","title":{"rendered":"3d-architektur\/unsere dienstleistungen\/virtueller 360\u00b0-rundgang"},"content":{"rendered":"<div data-elementor-type=\"wp-page\" data-elementor-id=\"165\" class=\"elementor elementor-165\" data-elementor-post-type=\"page\">\n\t\t\t\t<div class=\"elementor-element elementor-element-6e3862f e-flex e-con-boxed e-con e-parent\" data-id=\"6e3862f\" data-element_type=\"container\" data-e-type=\"container\" data-settings=\"{&quot;background_background&quot;:&quot;classic&quot;}\">\n\t\t\t\t\t<div class=\"e-con-inner\">\n\t\t<div class=\"elementor-element elementor-element-cf716ef e-con-full e-flex e-con e-child\" data-id=\"cf716ef\" data-element_type=\"container\" data-e-type=\"container\">\n\t\t\t\t<div class=\"elementor-element elementor-element-ff9cbcb elementor-widget elementor-widget-heading\" data-id=\"ff9cbcb\" data-element_type=\"widget\" data-e-type=\"widget\" data-widget_type=\"heading.default\">\n\t\t\t\t\t<h1 class=\"elementor-heading-title elementor-size-default\">Tauche ein in eine immersive Erfahrung mit der Erstellung eines virtuellen 360\u00b0-Rundgangs<\/h1>\t\t\t\t<\/div>\n\t\t\t\t<div class=\"elementor-element elementor-element-2a0a6a3 elementor-widget elementor-widget-text-editor\" data-id=\"2a0a6a3\" data-element_type=\"widget\" data-e-type=\"widget\" data-widget_type=\"text-editor.default\">\n\t\t\t\t\t\t\t\t\t<p>Die Erstellung eines virtuellen 360\u00b0-Rundgangs erm\u00f6glicht es dir, den Besuchern eine immersive und umfassende Erfahrung zu bieten. Indem sie jeden Raum erkunden und sich frei bewegen, k\u00f6nnen sie wirklich in die Immobilie eintauchen und sich ein genaues Bild von ihrem Raum und ihrer Aufteilung machen.<\/p>\t\t\t\t\t\t\t\t<\/div>\n\t\t\t\t<\/div>\n\t\t<div class=\"elementor-element elementor-element-6cdb637 e-con-full e-flex e-con e-child\" data-id=\"6cdb637\" data-element_type=\"container\" data-e-type=\"container\">\n\t\t\t\t<div class=\"elementor-element elementor-element-7416b46 elementor-widget elementor-widget-image\" data-id=\"7416b46\" data-element_type=\"widget\" data-e-type=\"widget\" data-widget_type=\"image.default\">\n\t\t\t\t\t\t\t\t\t\t\t\t\t\t\t<img fetchpriority=\"high\" decoding=\"async\" width=\"768\" height=\"576\" src=\"https:\/\/hi-render.ch\/wp-content\/uploads\/2023\/04\/11-ChambreMaster_1-768x576.jpg\" class=\"attachment-medium_large size-medium_large wp-image-759\" alt=\"\" srcset=\"https:\/\/hi-render.ch\/wp-content\/uploads\/2023\/04\/11-ChambreMaster_1-768x576.jpg 768w, https:\/\/hi-render.ch\/wp-content\/uploads\/2023\/04\/11-ChambreMaster_1-600x450.jpg 600w, https:\/\/hi-render.ch\/wp-content\/uploads\/2023\/04\/11-ChambreMaster_1-300x225.jpg 300w, https:\/\/hi-render.ch\/wp-content\/uploads\/2023\/04\/11-ChambreMaster_1-1024x768.jpg 1024w, https:\/\/hi-render.ch\/wp-content\/uploads\/2023\/04\/11-ChambreMaster_1-1536x1152.jpg 1536w, https:\/\/hi-render.ch\/wp-content\/uploads\/2023\/04\/11-ChambreMaster_1.jpg 2000w\" sizes=\"(max-width: 768px) 100vw, 768px\" \/>\t\t\t\t\t\t\t\t\t\t\t\t\t\t\t<\/div>\n\t\t\t\t<\/div>\n\t\t\t\t\t<\/div>\n\t\t\t\t<\/div>\n\t\t<div class=\"elementor-element elementor-element-94f3ecf c-box e-flex e-con-boxed e-con e-parent\" data-id=\"94f3ecf\" data-element_type=\"container\" data-e-type=\"container\" data-settings=\"{&quot;background_background&quot;:&quot;classic&quot;}\">\n\t\t\t\t\t<div class=\"e-con-inner\">\n\t\t<div class=\"elementor-element elementor-element-b5b2ade e-con-full e-flex e-con e-child\" data-id=\"b5b2ade\" data-element_type=\"container\" data-e-type=\"container\">\n\t\t\t\t<div class=\"elementor-element elementor-element-2447100 elementor-widget elementor-widget-heading\" data-id=\"2447100\" data-element_type=\"widget\" data-e-type=\"widget\" data-widget_type=\"heading.default\">\n\t\t\t\t\t<h2 class=\"elementor-heading-title elementor-size-default\">Entdecke eine moderne Wohnung durch einen virtuellen Rundgang<\/h2>\t\t\t\t<\/div>\n\t\t\t\t<div class=\"elementor-element elementor-element-8add1e3 elementor-widget elementor-widget-text-editor\" data-id=\"8add1e3\" data-element_type=\"widget\" data-e-type=\"widget\" data-widget_type=\"text-editor.default\">\n\t\t\t\t\t\t\t\t\t<p>Mit einem virtuellen Rundgang kannst du in eine moderne Wohnung eintauchen und jedes Detail realistisch erkunden. Du wirst das Gef\u00fchl haben, wirklich vor Ort zu sein und kannst jeden Winkel in deinem eigenen Tempo erkunden.<\/p>\t\t\t\t\t\t\t\t<\/div>\n\t\t\t\t<\/div>\n\t\t<div class=\"elementor-element elementor-element-c69e04d e-con-full e-flex e-con e-child\" data-id=\"c69e04d\" data-element_type=\"container\" data-e-type=\"container\">\n\t\t\t\t<div class=\"elementor-element elementor-element-e3a2b75 elementor-widget-laptop__width-initial elementor-widget elementor-widget-html\" data-id=\"e3a2b75\" data-element_type=\"widget\" data-e-type=\"widget\" data-widget_type=\"html.default\">\n\t\t\t\t\t<iframe width=\"100%\" height=\"400\" frameborder=\"0\" allow=\"xr-spatial-tracking; gyroscope; accelerometer\" allowfullscreen scrolling=\"no\" src=\"https:\/\/kuula.co\/share\/collection\/7FV7d?logo=-1&info=0&fs=1&vr=1&autorotate=0.26&thumbs=-1&margin=0&inst=0\"><\/iframe>\t\t\t\t<\/div>\n\t\t\t\t<\/div>\n\t\t\t\t\t<\/div>\n\t\t\t\t<\/div>\n\t\t<div class=\"elementor-element elementor-element-f8ad875 c-box e-flex e-con-boxed e-con e-parent\" data-id=\"f8ad875\" data-element_type=\"container\" data-e-type=\"container\" data-settings=\"{&quot;background_background&quot;:&quot;classic&quot;}\">\n\t\t\t\t\t<div class=\"e-con-inner\">\n\t\t<div class=\"elementor-element elementor-element-a4b5824 e-con-full e-flex e-con e-child\" data-id=\"a4b5824\" data-element_type=\"container\" data-e-type=\"container\">\n\t\t\t\t<div class=\"elementor-element elementor-element-2ae9b8e elementor-widget elementor-widget-heading\" data-id=\"2ae9b8e\" data-element_type=\"widget\" data-e-type=\"widget\" data-widget_type=\"heading.default\">\n\t\t\t\t\t<h2 class=\"elementor-heading-title elementor-size-default\">Wohnung mit klarem, aber selbstbewusstem Stil<\/h2>\t\t\t\t<\/div>\n\t\t\t\t<div class=\"elementor-element elementor-element-f594b4f elementor-widget elementor-widget-text-editor\" data-id=\"f594b4f\" data-element_type=\"widget\" data-e-type=\"widget\" data-widget_type=\"text-editor.default\">\n\t\t\t\t\t\t\t\t\t<p>Mit der 360\u00b0-Tour kannst du in das Herz des Ortes eintauchen. Die Nutzer k\u00f6nnen die Authentizit\u00e4t einer physischen Pr\u00e4senz sp\u00fcren, wenn sie jeden Winkel des Raumes erkunden.<\/p>\t\t\t\t\t\t\t\t<\/div>\n\t\t\t\t<\/div>\n\t\t<div class=\"elementor-element elementor-element-f210ec7 e-con-full e-flex e-con e-child\" data-id=\"f210ec7\" data-element_type=\"container\" data-e-type=\"container\">\n\t\t\t\t<div class=\"elementor-element elementor-element-5f3e732 elementor-widget-laptop__width-initial elementor-widget elementor-widget-html\" data-id=\"5f3e732\" data-element_type=\"widget\" data-e-type=\"widget\" data-widget_type=\"html.default\">\n\t\t\t\t\t<iframe width=\"100%\" height=\"400\" frameborder=\"0\" allow=\"xr-spatial-tracking; gyroscope; accelerometer\" allowfullscreen scrolling=\"no\" src=\"https:\/\/kuula.co\/share\/collection\/79yQF?logo=-1&info=0&fs=1&vr=1&autorotate=0.26&thumbs=-1&margin=0&inst=0\"><\/iframe>\t\t\t\t<\/div>\n\t\t\t\t<\/div>\n\t\t\t\t\t<\/div>\n\t\t\t\t<\/div>\n\t\t<div class=\"elementor-element elementor-element-b4b4814 c-box e-flex e-con-boxed e-con e-parent\" data-id=\"b4b4814\" data-element_type=\"container\" data-e-type=\"container\" data-settings=\"{&quot;background_background&quot;:&quot;classic&quot;}\">\n\t\t\t\t\t<div class=\"e-con-inner\">\n\t\t<div class=\"elementor-element elementor-element-cd09487 e-con-full e-flex e-con e-child\" data-id=\"cd09487\" data-element_type=\"container\" data-e-type=\"container\">\n\t\t\t\t<div class=\"elementor-element elementor-element-919531d elementor-widget elementor-widget-heading\" data-id=\"919531d\" data-element_type=\"widget\" data-e-type=\"widget\" data-widget_type=\"heading.default\">\n\t\t\t\t\t<h2 class=\"elementor-heading-title elementor-size-default\">Erkunde eine Wohnung im skandinavischen Stil mit einem virtuellen Rundgang<\/h2>\t\t\t\t<\/div>\n\t\t\t\t<div class=\"elementor-element elementor-element-c0ff413 elementor-widget elementor-widget-text-editor\" data-id=\"c0ff413\" data-element_type=\"widget\" data-e-type=\"widget\" data-widget_type=\"text-editor.default\">\n\t\t\t\t\t\t\t\t\t<p>Mit einem virtuellen 360\u00b0-Rundgang kannst du bequem von zu Hause aus eine Wohnung im skandinavischen Stil erkunden. Du musst dich nicht physisch bewegen, sondern kannst dich einfach in diesen warmen, designorientierten Raum entf\u00fchren lassen.<\/p>\t\t\t\t\t\t\t\t<\/div>\n\t\t\t\t<\/div>\n\t\t<div class=\"elementor-element elementor-element-ba99f9d e-con-full e-flex e-con e-child\" data-id=\"ba99f9d\" data-element_type=\"container\" data-e-type=\"container\">\n\t\t\t\t<div class=\"elementor-element elementor-element-e54bb13 elementor-widget-laptop__width-initial elementor-widget elementor-widget-html\" data-id=\"e54bb13\" data-element_type=\"widget\" data-e-type=\"widget\" data-widget_type=\"html.default\">\n\t\t\t\t\t<iframe width=\"100%\" height=\"400\" frameborder=\"0\" allow=\"xr-spatial-tracking; gyroscope; accelerometer\" allowfullscreen scrolling=\"no\" src=\"https:\/\/kuula.co\/share\/collection\/7FDRz?logo=-1&info=0&fs=1&vr=1&autorotate=0.41&thumbs=-1&inst=0\"><\/iframe>\t\t\t\t<\/div>\n\t\t\t\t<\/div>\n\t\t\t\t\t<\/div>\n\t\t\t\t<\/div>\n\t\t<div class=\"elementor-element elementor-element-8d4a03d c-box e-flex e-con-boxed e-con e-parent\" data-id=\"8d4a03d\" data-element_type=\"container\" data-e-type=\"container\" data-settings=\"{&quot;background_background&quot;:&quot;classic&quot;}\">\n\t\t\t\t\t<div class=\"e-con-inner\">\n\t\t<div class=\"elementor-element elementor-element-0eda616 e-con-full e-flex e-con e-child\" data-id=\"0eda616\" data-element_type=\"container\" data-e-type=\"container\">\n\t\t\t\t<div class=\"elementor-element elementor-element-037ed50 elementor-widget elementor-widget-heading\" data-id=\"037ed50\" data-element_type=\"widget\" data-e-type=\"widget\" data-widget_type=\"heading.default\">\n\t\t\t\t\t<h2 class=\"elementor-heading-title elementor-size-default\">Tauche mithilfe eines virtuellen Rundgangs in die Welt einer Wohnung im japanischen Stil ein.<\/h2>\t\t\t\t<\/div>\n\t\t\t\t<div class=\"elementor-element elementor-element-671422d elementor-widget elementor-widget-text-editor\" data-id=\"671422d\" data-element_type=\"widget\" data-e-type=\"widget\" data-widget_type=\"text-editor.default\">\n\t\t\t\t\t\t\t\t\t<p>Die virtuellen 360\u00b0-Touren sind einfach und intuitiv gestaltet und bieten eine fl\u00fcssige und angenehme Navigation. Navigiere m\u00fchelos durch die verschiedenen Bereiche der Wohnung, zoome an Details heran und entdecke die Harmonie des japanischen Stils.<\/p>\t\t\t\t\t\t\t\t<\/div>\n\t\t\t\t<\/div>\n\t\t<div class=\"elementor-element elementor-element-b8d159b e-con-full e-flex e-con e-child\" data-id=\"b8d159b\" data-element_type=\"container\" data-e-type=\"container\">\n\t\t\t\t<div class=\"elementor-element elementor-element-17561b9 elementor-widget-laptop__width-initial elementor-widget elementor-widget-html\" data-id=\"17561b9\" data-element_type=\"widget\" data-e-type=\"widget\" data-widget_type=\"html.default\">\n\t\t\t\t\t<iframe width=\"100%\" height=\"400\" frameborder=\"0\" allow=\"xr-spatial-tracking; gyroscope; accelerometer\" allowfullscreen scrolling=\"no\" src=\"https:\/\/kuula.co\/share\/collection\/7vCN4?logo=-1&info=0&fs=1&vr=1&autorotate=0.41&thumbs=-1&inst=0\"><\/iframe>\t\t\t\t<\/div>\n\t\t\t\t<\/div>\n\t\t\t\t\t<\/div>\n\t\t\t\t<\/div>\n\t\t\t\t<\/div>\n\t\t<script>function getWR360PopupSkin(){return 'light_clean';}<\/script>","protected":false},"excerpt":{"rendered":"<p>Hi Render vous propose des visites virtuelles 360\u00b0 immersives pour explorer vos projets d&rsquo;architecture de mani\u00e8re r\u00e9aliste et interactive. Plongez dans des environnements captivants et d\u00e9couvrez chaque d\u00e9tail sous tous les angles. Explorez notre expertise d\u00e8s maintenant !<\/p>","protected":false},"author":2,"featured_media":839,"parent":0,"menu_order":0,"comment_status":"closed","ping_status":"closed","template":"","meta":{"_acf_changed":false,"footnotes":""},"class_list":["post-165","page","type-page","status-publish","has-post-thumbnail","hentry"],"acf":[],"jetpack_sharing_enabled":true,"_links":{"self":[{"href":"https:\/\/hi-render.ch\/de\/wp-json\/wp\/v2\/pages\/165","targetHints":{"allow":["GET"]}}],"collection":[{"href":"https:\/\/hi-render.ch\/de\/wp-json\/wp\/v2\/pages"}],"about":[{"href":"https:\/\/hi-render.ch\/de\/wp-json\/wp\/v2\/types\/page"}],"author":[{"embeddable":true,"href":"https:\/\/hi-render.ch\/de\/wp-json\/wp\/v2\/users\/2"}],"replies":[{"embeddable":true,"href":"https:\/\/hi-render.ch\/de\/wp-json\/wp\/v2\/comments?post=165"}],"version-history":[{"count":0,"href":"https:\/\/hi-render.ch\/de\/wp-json\/wp\/v2\/pages\/165\/revisions"}],"wp:featuredmedia":[{"embeddable":true,"href":"https:\/\/hi-render.ch\/de\/wp-json\/wp\/v2\/media\/839"}],"wp:attachment":[{"href":"https:\/\/hi-render.ch\/de\/wp-json\/wp\/v2\/media?parent=165"}],"curies":[{"name":"wp","href":"https:\/\/api.w.org\/{rel}","templated":true}]}}