{"id":10587,"date":"2024-08-19T13:27:10","date_gmt":"2024-08-19T11:27:10","guid":{"rendered":"https:\/\/hi-render.ch\/?page_id=10587"},"modified":"2025-08-11T08:36:37","modified_gmt":"2025-08-11T06:36:37","slug":"legale-refund-policy","status":"publish","type":"page","link":"https:\/\/hi-render.ch\/de\/legale-refund-policy\/","title":{"rendered":"Legale \/ Refund Policy"},"content":{"rendered":"<div data-elementor-type=\"wp-page\" data-elementor-id=\"10587\" class=\"elementor elementor-10587\" data-elementor-post-type=\"page\">\n\t\t\t\t<div class=\"elementor-element elementor-element-7e850e7 e-flex e-con-boxed e-con e-child\" data-id=\"7e850e7\" data-element_type=\"container\" data-e-type=\"container\">\n\t\t\t\t\t<div class=\"e-con-inner\">\n\t\t\t\t<div class=\"elementor-element elementor-element-730e579 elementor-widget elementor-widget-heading\" data-id=\"730e579\" data-element_type=\"widget\" data-e-type=\"widget\" data-widget_type=\"heading.default\">\n\t\t\t\t\t<h2 class=\"elementor-heading-title elementor-size-default\">Refund Policy<\/h2>\t\t\t\t<\/div>\n\t\t\t\t\t<\/div>\n\t\t\t\t<\/div>\n\t\t<div class=\"elementor-element elementor-element-5309bf02 e-flex e-con-boxed e-con e-parent\" data-id=\"5309bf02\" data-element_type=\"container\" data-e-type=\"container\">\n\t\t\t\t\t<div class=\"e-con-inner\">\n\t\t\t\t<div class=\"elementor-element elementor-element-37cea14a elementor-widget__width-initial elementor-widget elementor-widget-text-editor\" data-id=\"37cea14a\" data-element_type=\"widget\" data-e-type=\"widget\" data-widget_type=\"text-editor.default\">\n\t\t\t\t\t\t\t\t\t<p data-start=\"42\" data-end=\"423\">In \u00dcbereinstimmung mit der EU-Richtlinie 2011\/83\/EU und dem <strong data-start=\"98\" data-end=\"135\">UK Consumer Contracts Regulations<\/strong> \u00fcber Verbraucherrechte gilt das Widerrufsrecht nicht f\u00fcr digitale Inhalte, die nicht auf einem materiellen Tr\u00e4ger geliefert werden, wenn die Ausf\u00fchrung mit der ausdr\u00fccklichen vorherigen Zustimmung des Verbrauchers und der Anerkennung, dass er dadurch sein Widerrufsrecht verliert, begonnen hat.<\/p>\n<p data-start=\"425\" data-end=\"492\">Mit der Best\u00e4tigung seiner Bestellung erkennt der Kunde ausdr\u00fccklich an, dass :<\/p>\n<ul data-start=\"494\" data-end=\"686\">\n<li data-start=\"494\" data-end=\"560\">\n<p data-start=\"496\" data-end=\"560\">er\/sie m\u00f6chte sofort auf den gekauften digitalen Inhalt zugreifen,<\/p>\n<\/li>\n<li data-start=\"561\" data-end=\"686\">\n<p data-start=\"563\" data-end=\"686\">und dass er auf sein Widerrufsrecht verzichtet, sobald das Produkt per E-Mail geliefert oder zum Download bereitgestellt wurde.<\/p>\n<\/li>\n<\/ul>\n<p data-start=\"688\" data-end=\"993\">Nach Schweizer Recht gibt es bei Fernverk\u00e4ufen kein gesetzliches Widerrufsrecht. Daher sind alle Verk\u00e4ufe von digitalen Produkten \u00fcber unsere Plattform endg\u00fcltig und nicht r\u00fcckerstattungsf\u00e4hig, unabh\u00e4ngig davon, ob der Kauf aus der Schweiz oder aus einem Land der Europ\u00e4ischen Union get\u00e4tigt wird.<\/p>\n<p data-start=\"995\" data-end=\"1238\">Unser Team beantwortet jedoch gerne alle deine Fragen und bietet dir L\u00f6sungen oder Hilfe beim Kauf und der Nutzung des Produkts an (technische Probleme oder Schwierigkeiten beim Herunterladen der Vorlagen usw.).<\/p>\n<p data-start=\"1240\" data-end=\"1307\">Du kannst uns per E-Mail kontaktieren unter : <strong data-start=\"1282\" data-end=\"1305\"><a class=\"cursor-pointer\" rel=\"noopener\" data-start=\"1284\" data-end=\"1303\">hello@hi-render.com<\/a><\/strong><\/p>\n<p><!-- \/wp:paragraph --><\/p>\t\t\t\t\t\t\t\t<\/div>\n\t\t\t\t<div class=\"elementor-element elementor-element-4df9955 elementor-widget__width-initial elementor-widget elementor-widget-text-editor\" data-id=\"4df9955\" data-element_type=\"widget\" data-e-type=\"widget\" data-widget_type=\"text-editor.default\">\n\t\t\t\t\t\t\t\t\t<p data-start=\"145\" data-end=\"528\">In \u00dcbereinstimmung mit der Europ\u00e4ischen Richtlinie 2011\/83\/EU und\u00a0<strong style=\"color: var( --e-global-color-text ); text-align: var(--text-align); background-color: var( --e-global-color-secondary ); font-family: var( --e-global-typography-text-font-family ), Sans-serif; font-size: var( --e-global-typography-text-font-size ); font-style: var( --e-global-typography-text-font-style ); letter-spacing: var( --e-global-typography-text-letter-spacing );\" data-start=\"117\" data-end=\"154\">UK Consumer Contracts Regulations\u00a0<\/strong><span style=\"color: var( --e-global-color-text ); text-align: var(--text-align); background-color: var( --e-global-color-secondary ); font-family: var( --e-global-typography-text-font-family ), Sans-serif; font-size: var( --e-global-typography-text-font-size ); font-style: var( --e-global-typography-text-font-style ); font-weight: var( --e-global-typography-text-font-weight ); letter-spacing: var( --e-global-typography-text-letter-spacing );\">on consumer rights, <\/span><strong style=\"color: var( --e-global-color-text ); text-align: var(--text-align); background-color: var( --e-global-color-secondary ); font-family: var( --e-global-typography-text-font-family ), Sans-serif; font-size: var( --e-global-typography-text-font-size ); font-style: var( --e-global-typography-text-font-style ); letter-spacing: var( --e-global-typography-text-letter-spacing );\" data-start=\"292\" data-end=\"387\">Das Widerrufsrecht gilt nicht f\u00fcr digitale Inhalte, die nicht auf einem greifbaren Medium bereitgestellt werden.<\/strong><span style=\"color: var( --e-global-color-text ); text-align: var(--text-align); background-color: var( --e-global-color-secondary ); font-family: var( --e-global-typography-text-font-family ), Sans-serif; font-size: var( --e-global-typography-text-font-size ); font-style: var( --e-global-typography-text-font-style ); font-weight: var( --e-global-typography-text-font-weight ); letter-spacing: var( --e-global-typography-text-letter-spacing );\">, Wenn die Ausf\u00fchrung mit der vorherigen ausdr\u00fccklichen Zustimmung des Verbrauchers und der Anerkennung, dass sie ihr Widerrufsrecht verlieren, begonnen hat.<\/span><\/p>\n<p data-start=\"530\" data-end=\"598\">Durch die Best\u00e4tigung ihrer Bestellung erkennt der Kunde ausdr\u00fccklich an, dass:<\/p>\n<ul data-start=\"599\" data-end=\"783\">\n<li data-start=\"599\" data-end=\"663\">\n<p data-start=\"601\" data-end=\"663\">sie wollen sofort auf die gekauften digitalen Inhalte zugreifen,<\/p>\n<\/li>\n<li data-start=\"664\" data-end=\"783\">\n<p data-start=\"666\" data-end=\"783\">und sie verzichten auf ihr Widerrufsrecht, sobald das Produkt per E-Mail geliefert oder zum Herunterladen bereitgestellt wurde.<\/p>\n<\/li>\n<\/ul>\n<p data-start=\"785\" data-end=\"1051\">Nach Schweizer Recht ist bei Fernabsatzgesch\u00e4ften kein gesetzliches Widerrufsrecht erforderlich. Daher, <strong data-start=\"885\" data-end=\"959\">alle digitalen Produktverk\u00e4ufe auf unserer Plattform sind endg\u00fcltig und nicht r\u00fcckzahlbar<\/strong>, Dies gilt unabh\u00e4ngig davon, ob der Kauf aus der Schweiz oder aus einem Land innerhalb der Europ\u00e4ischen Union get\u00e4tigt wird.<\/p>\n<div>Wir haben jedoch ein Team, das gerne alle deine Fragen beantwortet und L\u00f6sungen oder Hilfe bei Problemen im Zusammenhang mit dem Kauf und der Nutzung des Produkts anbietet (technische Probleme oder Probleme beim Herunterladen der Vorlagen o. \u00c4.).<\/div>\n<div>\u00a0<\/div>\n<div>Du kannst dich per E-Mail an uns wenden:\u00a0<strong>hello@hi-render.com<\/strong><\/div>\n<p><!-- \/wp:paragraph --><\/p>\t\t\t\t\t\t\t\t<\/div>\n\t\t\t\t\t<\/div>\n\t\t\t\t<\/div>\n\t\t\t\t<\/div>\n\t\t<script>function getWR360PopupSkin(){return 'light_clean';}<\/script>","protected":false},"excerpt":{"rendered":"<p>Refund Policy Conform\u00e9ment \u00e0 la Directive europ\u00e9enne 2011\/83\/UE et au UK Consumer Contracts Regulations sur les droits des consommateurs, le droit de r\u00e9tractation ne s\u2019applique pas aux contenus num\u00e9riques non fournis sur un support mat\u00e9riel, d\u00e8s lors que l\u2019ex\u00e9cution a commenc\u00e9 avec l\u2019accord pr\u00e9alable expr\u00e8s du consommateur et la reconnaissance qu\u2019il perd ainsi son droit [&hellip;]<\/p>\n","protected":false},"author":5,"featured_media":0,"parent":0,"menu_order":0,"comment_status":"closed","ping_status":"closed","template":"","meta":{"_acf_changed":false,"footnotes":""},"class_list":["post-10587","page","type-page","status-publish","hentry"],"acf":[],"jetpack_sharing_enabled":true,"_links":{"self":[{"href":"https:\/\/hi-render.ch\/de\/wp-json\/wp\/v2\/pages\/10587","targetHints":{"allow":["GET"]}}],"collection":[{"href":"https:\/\/hi-render.ch\/de\/wp-json\/wp\/v2\/pages"}],"about":[{"href":"https:\/\/hi-render.ch\/de\/wp-json\/wp\/v2\/types\/page"}],"author":[{"embeddable":true,"href":"https:\/\/hi-render.ch\/de\/wp-json\/wp\/v2\/users\/5"}],"replies":[{"embeddable":true,"href":"https:\/\/hi-render.ch\/de\/wp-json\/wp\/v2\/comments?post=10587"}],"version-history":[{"count":9,"href":"https:\/\/hi-render.ch\/de\/wp-json\/wp\/v2\/pages\/10587\/revisions"}],"predecessor-version":[{"id":16544,"href":"https:\/\/hi-render.ch\/de\/wp-json\/wp\/v2\/pages\/10587\/revisions\/16544"}],"wp:attachment":[{"href":"https:\/\/hi-render.ch\/de\/wp-json\/wp\/v2\/media?parent=10587"}],"curies":[{"name":"wp","href":"https:\/\/api.w.org\/{rel}","templated":true}]}}